{"id":3711,"date":"2020-10-02T08:19:25","date_gmt":"2020-10-02T15:19:25","guid":{"rendered":"https:\/\/wallskors.com\/gamedev\/?page_id=3711"},"modified":"2020-10-02T08:29:23","modified_gmt":"2020-10-02T15:29:23","slug":"actualites","status":"publish","type":"page","link":"https:\/\/wallskors.com\/gamedev\/actualites\/","title":{"rendered":"Actualit\u00e9s"},"content":{"rendered":"<p>[vc_row full_width=&#8221;stretch_row_content_no_spaces&#8221; css=&#8221;{&#8220;mobile_portrait&#8220;: {&#8220;undefined&#8220;: &#8220;Effacer&#8220;},&#8220;mobile_landscape&#8220;: {&#8220;undefined&#8220;: &#8220;Effacer&#8220;},&#8220;tablet_portrait&#8220;: {&#8220;undefined&#8220;: &#8220;Effacer&#8220;},&#8220;tablet_landscape&#8220;: {&#8220;undefined&#8220;: &#8220;Effacer&#8220;},&#8220;desktop&#8220;: {&#8220;undefined&#8220;: &#8220;Effacer&#8220;}}&#8221;][vc_column]    <div class=\"banner-area banner-area-5e1681b2f5bea with-social-links\">\n              <div class=\"social-links\">\n          <a href=\"https:\/\/github.com\/wallskors\/\" target=\"_self\"><i class=\"fab fa-github\"><\/i><\/a><a href=\"https:\/\/www.facebook.com\/wallskors\/\" target=\"_self\"><i class=\"fab fa-facebook-f\"><\/i><\/a><a href=\"https:\/\/twitter.com\/wallskors\" target=\"_self\"><i class=\"fab fa-twitter\"><\/i><\/a><a href=\"https:\/\/www.linkedin.com\/company\/51724563\/\" target=\"_self\"><i class=\"fab fa-linkedin-in\"><\/i><\/a>        <\/div>\n            <div class=\"banner-item tal\" style=\"\">\n        \n    \n    <div class=\"bg-overlay\">                        <div class=\"image\" style=\"background-image: url(https:\/\/wallskors.com\/gamedev\/wp-content\/uploads\/2020\/01\/wallhaven-kwr321.jpg)\"><\/div>\n                  <\/div>        <div class=\"container\">\n          <div class=\"row fixed-height\" style=\"min-height: 500px;\">\n                        <div class=\"col-auto\">\n                              <div class=\"heading-block tal with-decor-block\">\n                                      <div class=\"h h2\">Nos Actualit\u00e9s<\/div>\n                                  <\/div>\n                              <div class=\"text\">D\u00e9couvrez ici toute notre actualit\u00e9 dans le monde du d\u00e9veloppement des jeux vid\u00e9o. Suivez l'\u00e9volution de nos jeux en construction, nos \u00e9v\u00e9nements et m\u00eame nos collaborations !<\/div>\n                          <\/div>\n          <\/div>\n        <\/div>\n      <\/div>\n    <\/div>\n    [\/vc_column][\/vc_row][vc_row full_width=&#8221;stretch_row&#8221; css=&#8221;{&#8220;mobile_portrait&#8220;: {&#8220;margin-top&#8220;: &#8220;20px&#8220;,&#8220;undefined&#8220;: &#8220;Effacer&#8220;},&#8220;mobile_landscape&#8220;: {&#8220;undefined&#8220;: &#8220;Effacer&#8220;},&#8220;tablet_portrait&#8220;: {&#8220;undefined&#8220;: &#8220;Effacer&#8220;},&#8220;tablet_landscape&#8220;: {&#8220;undefined&#8220;: &#8220;Effacer&#8220;},&#8220;desktop&#8220;: {&#8220;undefined&#8220;: &#8220;Effacer&#8220;}}&#8221;][vc_column]      <div class=\"blog-block filter-block blog-5e16819ea309d\">\n                <div class=\"blog-items row isotope blog-masonry load-wrap\" data-rows=\"1\">\n          <div class=\"grid-sizer col-1\"><\/div>\n              <article class=\"blog-item category-evaluation  col-12 col-md-4 istp-item\">\n      <div class=\"wrap\">\n                  <div class=\"img\">\n                          <a href=\"https:\/\/wallskors.com\/gamedev\/evaluation\/firewatch-un-nouveau-jeu-dun-genre-unique\/\"><img width=\"500\" height=\"500\" src=\"https:\/\/wallskors.com\/gamedev\/wp-content\/uploads\/2022\/01\/firewatch.png\" class=\"attachment-large size-large\" alt=\"\" decoding=\"async\" loading=\"lazy\" srcset=\"https:\/\/wallskors.com\/gamedev\/wp-content\/uploads\/2022\/01\/firewatch.png 500w, https:\/\/wallskors.com\/gamedev\/wp-content\/uploads\/2022\/01\/firewatch-150x150@2x.png 300w, https:\/\/wallskors.com\/gamedev\/wp-content\/uploads\/2022\/01\/firewatch-150x150.png 150w, https:\/\/wallskors.com\/gamedev\/wp-content\/uploads\/2022\/01\/firewatch-70x70.png 70w\" sizes=\"(max-width: 500px) 100vw, 500px\" \/><\/a>\n                      <\/div>\n                  <div class=\"date\">08\/01\/2022<\/div>\n                <h6 class=\"title\"><a href=\"https:\/\/wallskors.com\/gamedev\/evaluation\/firewatch-un-nouveau-jeu-dun-genre-unique\/\">Firewatch, un nouveau jeu d'un genre unique<\/a><\/h6>\n                  <div class=\"button\"><a class=\"button-style2\" href=\"https:\/\/wallskors.com\/gamedev\/evaluation\/firewatch-un-nouveau-jeu-dun-genre-unique\/\"><span>Read More<\/span><\/a><\/div>\n              <\/div>\n    <\/article>\n        <article class=\"blog-item category-evaluation  col-12 col-md-4 istp-item\">\n      <div class=\"wrap\">\n                  <div class=\"img\">\n                          <a href=\"https:\/\/wallskors.com\/gamedev\/evaluation\/pour-linstant-among-trees-tient-plus-de-la-promenade-que-de-la-survie\/\"><img width=\"1024\" height=\"576\" src=\"https:\/\/wallskors.com\/gamedev\/wp-content\/uploads\/2020\/10\/eyohsf22z2551-1024x576.jpg\" class=\"attachment-large size-large\" alt=\"\" decoding=\"async\" loading=\"lazy\" srcset=\"https:\/\/wallskors.com\/gamedev\/wp-content\/uploads\/2020\/10\/eyohsf22z2551-1024x576.jpg 1024w, https:\/\/wallskors.com\/gamedev\/wp-content\/uploads\/2020\/10\/eyohsf22z2551-300x169.jpg 300w, https:\/\/wallskors.com\/gamedev\/wp-content\/uploads\/2020\/10\/eyohsf22z2551-1536x864.jpg 1536w, https:\/\/wallskors.com\/gamedev\/wp-content\/uploads\/2020\/10\/eyohsf22z2551-70x39.jpg 70w, https:\/\/wallskors.com\/gamedev\/wp-content\/uploads\/2020\/10\/eyohsf22z2551.jpg 1920w, https:\/\/wallskors.com\/gamedev\/wp-content\/uploads\/2020\/10\/eyohsf22z2551-300x169@2x.jpg 600w\" sizes=\"(max-width: 1024px) 100vw, 1024px\" \/><\/a>\n                      <\/div>\n                  <div class=\"date\">24\/10\/2020<\/div>\n                <h6 class=\"title\"><a href=\"https:\/\/wallskors.com\/gamedev\/evaluation\/pour-linstant-among-trees-tient-plus-de-la-promenade-que-de-la-survie\/\">Pour l'instant, Among Trees tient plus de la promenade que de la survie<\/a><\/h6>\n                  <div class=\"button\"><a class=\"button-style2\" href=\"https:\/\/wallskors.com\/gamedev\/evaluation\/pour-linstant-among-trees-tient-plus-de-la-promenade-que-de-la-survie\/\"><span>Read More<\/span><\/a><\/div>\n              <\/div>\n    <\/article>\n        <article class=\"blog-item category-gaming-fr  col-12 col-md-4 istp-item\">\n      <div class=\"wrap\">\n                  <div class=\"img\">\n                          <a href=\"https:\/\/wallskors.com\/gamedev\/gaming-fr\/growing-a-community-fr\/\"><img width=\"1024\" height=\"640\" src=\"https:\/\/wallskors.com\/gamedev\/wp-content\/uploads\/2020\/10\/140746-illustration-game-hearthstone-fiction-fictional_character-10000x6248-2-1024x640.jpg\" class=\"attachment-large size-large\" alt=\"\" decoding=\"async\" loading=\"lazy\" srcset=\"https:\/\/wallskors.com\/gamedev\/wp-content\/uploads\/2020\/10\/140746-illustration-game-hearthstone-fiction-fictional_character-10000x6248-2-1024x640.jpg 1024w, https:\/\/wallskors.com\/gamedev\/wp-content\/uploads\/2020\/10\/140746-illustration-game-hearthstone-fiction-fictional_character-10000x6248-2-300x188.jpg 300w, https:\/\/wallskors.com\/gamedev\/wp-content\/uploads\/2020\/10\/140746-illustration-game-hearthstone-fiction-fictional_character-10000x6248-2-768x480.jpg 768w, https:\/\/wallskors.com\/gamedev\/wp-content\/uploads\/2020\/10\/140746-illustration-game-hearthstone-fiction-fictional_character-10000x6248-2-1536x960.jpg 1536w, https:\/\/wallskors.com\/gamedev\/wp-content\/uploads\/2020\/10\/140746-illustration-game-hearthstone-fiction-fictional_character-10000x6248-2-70x44.jpg 70w, https:\/\/wallskors.com\/gamedev\/wp-content\/uploads\/2020\/10\/140746-illustration-game-hearthstone-fiction-fictional_character-10000x6248-2.jpg 2000w, https:\/\/wallskors.com\/gamedev\/wp-content\/uploads\/2020\/10\/140746-illustration-game-hearthstone-fiction-fictional_character-10000x6248-2-300x188@2x.jpg 600w\" sizes=\"(max-width: 1024px) 100vw, 1024px\" \/><\/a>\n                      <\/div>\n                  <div class=\"date\">24\/10\/2020<\/div>\n                <h6 class=\"title\"><a href=\"https:\/\/wallskors.com\/gamedev\/gaming-fr\/growing-a-community-fr\/\">Growing A Community<\/a><\/h6>\n                  <div class=\"button\"><a class=\"button-style2\" href=\"https:\/\/wallskors.com\/gamedev\/gaming-fr\/growing-a-community-fr\/\"><span>Read More<\/span><\/a><\/div>\n              <\/div>\n    <\/article>\n        <article class=\"blog-item category-gaming  col-12 col-md-4 istp-item\">\n      <div class=\"wrap\">\n                  <div class=\"img\">\n                          <a href=\"https:\/\/wallskors.com\/gamedev\/en\/gaming\/growing-a-community\/\"><img width=\"1024\" height=\"640\" src=\"https:\/\/wallskors.com\/gamedev\/wp-content\/uploads\/2020\/10\/140746-illustration-game-hearthstone-fiction-fictional_character-10000x6248-2-1024x640.jpg\" class=\"attachment-large size-large\" alt=\"\" decoding=\"async\" loading=\"lazy\" srcset=\"https:\/\/wallskors.com\/gamedev\/wp-content\/uploads\/2020\/10\/140746-illustration-game-hearthstone-fiction-fictional_character-10000x6248-2-1024x640.jpg 1024w, https:\/\/wallskors.com\/gamedev\/wp-content\/uploads\/2020\/10\/140746-illustration-game-hearthstone-fiction-fictional_character-10000x6248-2-300x188.jpg 300w, https:\/\/wallskors.com\/gamedev\/wp-content\/uploads\/2020\/10\/140746-illustration-game-hearthstone-fiction-fictional_character-10000x6248-2-768x480.jpg 768w, https:\/\/wallskors.com\/gamedev\/wp-content\/uploads\/2020\/10\/140746-illustration-game-hearthstone-fiction-fictional_character-10000x6248-2-1536x960.jpg 1536w, https:\/\/wallskors.com\/gamedev\/wp-content\/uploads\/2020\/10\/140746-illustration-game-hearthstone-fiction-fictional_character-10000x6248-2-70x44.jpg 70w, https:\/\/wallskors.com\/gamedev\/wp-content\/uploads\/2020\/10\/140746-illustration-game-hearthstone-fiction-fictional_character-10000x6248-2.jpg 2000w, https:\/\/wallskors.com\/gamedev\/wp-content\/uploads\/2020\/10\/140746-illustration-game-hearthstone-fiction-fictional_character-10000x6248-2-300x188@2x.jpg 600w\" sizes=\"(max-width: 1024px) 100vw, 1024px\" \/><\/a>\n                      <\/div>\n                  <div class=\"date\">24\/10\/2020<\/div>\n                <h6 class=\"title\"><a href=\"https:\/\/wallskors.com\/gamedev\/en\/gaming\/growing-a-community\/\">Growing A Community<\/a><\/h6>\n                  <div class=\"button\"><a class=\"button-style2\" href=\"https:\/\/wallskors.com\/gamedev\/en\/gaming\/growing-a-community\/\"><span>Read More<\/span><\/a><\/div>\n              <\/div>\n    <\/article>\n        <article class=\"blog-item category-uncategorized-fr  col-12 col-md-4 istp-item\">\n      <div class=\"wrap\">\n                  <div class=\"img\">\n                          <a href=\"https:\/\/wallskors.com\/gamedev\/uncategorized-fr\/20-indie-dev-tips-for-awesome-game-design-2\/\"><img width=\"800\" height=\"600\" src=\"https:\/\/wallskors.com\/gamedev\/wp-content\/uploads\/2020\/09\/5dbc42c809dd4cfe81b4a5a1d4503472.png\" class=\"attachment-large size-large\" alt=\"\" decoding=\"async\" loading=\"lazy\" srcset=\"https:\/\/wallskors.com\/gamedev\/wp-content\/uploads\/2020\/09\/5dbc42c809dd4cfe81b4a5a1d4503472.png 800w, https:\/\/wallskors.com\/gamedev\/wp-content\/uploads\/2020\/09\/5dbc42c809dd4cfe81b4a5a1d4503472-300x225.png 300w, https:\/\/wallskors.com\/gamedev\/wp-content\/uploads\/2020\/09\/5dbc42c809dd4cfe81b4a5a1d4503472-768x576.png 768w, https:\/\/wallskors.com\/gamedev\/wp-content\/uploads\/2020\/09\/5dbc42c809dd4cfe81b4a5a1d4503472-70x53.png 70w, https:\/\/wallskors.com\/gamedev\/wp-content\/uploads\/2020\/09\/5dbc42c809dd4cfe81b4a5a1d4503472-600x450.png 600w\" sizes=\"(max-width: 800px) 100vw, 800px\" \/><\/a>\n                      <\/div>\n                  <div class=\"date\">02\/10\/2020<\/div>\n                <h6 class=\"title\"><a href=\"https:\/\/wallskors.com\/gamedev\/uncategorized-fr\/20-indie-dev-tips-for-awesome-game-design-2\/\">20 Indie Dev Tips for Awesome Game Design<\/a><\/h6>\n                  <div class=\"button\"><a class=\"button-style2\" href=\"https:\/\/wallskors.com\/gamedev\/uncategorized-fr\/20-indie-dev-tips-for-awesome-game-design-2\/\"><span>Read More<\/span><\/a><\/div>\n              <\/div>\n    <\/article>\n        <article class=\"blog-item category-uncategorized-fr  col-12 col-md-4 istp-item\">\n      <div class=\"wrap\">\n                  <div class=\"img\">\n                          <a href=\"https:\/\/wallskors.com\/gamedev\/uncategorized-fr\/steps-to-improve-your-games-graphics-2\/\"><img width=\"1024\" height=\"576\" src=\"https:\/\/wallskors.com\/gamedev\/wp-content\/uploads\/2020\/08\/ue4_ray_tracing-1024x576.jpg\" class=\"attachment-large size-large\" alt=\"\" decoding=\"async\" loading=\"lazy\" srcset=\"https:\/\/wallskors.com\/gamedev\/wp-content\/uploads\/2020\/08\/ue4_ray_tracing-1024x576.jpg 1024w, https:\/\/wallskors.com\/gamedev\/wp-content\/uploads\/2020\/08\/ue4_ray_tracing-300x169.jpg 300w, https:\/\/wallskors.com\/gamedev\/wp-content\/uploads\/2020\/08\/ue4_ray_tracing-768x432.jpg 768w, https:\/\/wallskors.com\/gamedev\/wp-content\/uploads\/2020\/08\/ue4_ray_tracing-1536x864.jpg 1536w, https:\/\/wallskors.com\/gamedev\/wp-content\/uploads\/2020\/08\/ue4_ray_tracing-70x39.jpg 70w, https:\/\/wallskors.com\/gamedev\/wp-content\/uploads\/2020\/08\/ue4_ray_tracing-600x338.jpg 600w, https:\/\/wallskors.com\/gamedev\/wp-content\/uploads\/2020\/08\/ue4_ray_tracing.jpg 1920w\" sizes=\"(max-width: 1024px) 100vw, 1024px\" \/><\/a>\n                      <\/div>\n                  <div class=\"date\">02\/10\/2020<\/div>\n                <h6 class=\"title\"><a href=\"https:\/\/wallskors.com\/gamedev\/uncategorized-fr\/steps-to-improve-your-games-graphics-2\/\">Steps To Improve Your Game\u2019s Graphics<\/a><\/h6>\n                  <div class=\"button\"><a class=\"button-style2\" href=\"https:\/\/wallskors.com\/gamedev\/uncategorized-fr\/steps-to-improve-your-games-graphics-2\/\"><span>Read More<\/span><\/a><\/div>\n              <\/div>\n    <\/article>\n        <article class=\"blog-item category-uncategorized-fr  col-12 col-md-4 istp-item\">\n      <div class=\"wrap\">\n                  <div class=\"img\">\n                          <a href=\"https:\/\/wallskors.com\/gamedev\/uncategorized-fr\/25-unreal-engine-tips\/\"><img width=\"1024\" height=\"576\" src=\"https:\/\/wallskors.com\/gamedev\/wp-content\/uploads\/2020\/08\/LowPolySeriesLandscape_Screenshot_01-1920x1080-0abb5af35b6535c2f1ccc58e1965a382-1024x576.jpg\" class=\"attachment-large size-large\" alt=\"\" decoding=\"async\" loading=\"lazy\" srcset=\"https:\/\/wallskors.com\/gamedev\/wp-content\/uploads\/2020\/08\/LowPolySeriesLandscape_Screenshot_01-1920x1080-0abb5af35b6535c2f1ccc58e1965a382-1024x576.jpg 1024w, https:\/\/wallskors.com\/gamedev\/wp-content\/uploads\/2020\/08\/LowPolySeriesLandscape_Screenshot_01-1920x1080-0abb5af35b6535c2f1ccc58e1965a382-300x169.jpg 300w, https:\/\/wallskors.com\/gamedev\/wp-content\/uploads\/2020\/08\/LowPolySeriesLandscape_Screenshot_01-1920x1080-0abb5af35b6535c2f1ccc58e1965a382-768x432.jpg 768w, https:\/\/wallskors.com\/gamedev\/wp-content\/uploads\/2020\/08\/LowPolySeriesLandscape_Screenshot_01-1920x1080-0abb5af35b6535c2f1ccc58e1965a382-1536x864.jpg 1536w, https:\/\/wallskors.com\/gamedev\/wp-content\/uploads\/2020\/08\/LowPolySeriesLandscape_Screenshot_01-1920x1080-0abb5af35b6535c2f1ccc58e1965a382-70x39.jpg 70w, https:\/\/wallskors.com\/gamedev\/wp-content\/uploads\/2020\/08\/LowPolySeriesLandscape_Screenshot_01-1920x1080-0abb5af35b6535c2f1ccc58e1965a382-600x338.jpg 600w, https:\/\/wallskors.com\/gamedev\/wp-content\/uploads\/2020\/08\/LowPolySeriesLandscape_Screenshot_01-1920x1080-0abb5af35b6535c2f1ccc58e1965a382.jpg 1920w\" sizes=\"(max-width: 1024px) 100vw, 1024px\" \/><\/a>\n                      <\/div>\n                  <div class=\"date\">02\/10\/2020<\/div>\n                <h6 class=\"title\"><a href=\"https:\/\/wallskors.com\/gamedev\/uncategorized-fr\/25-unreal-engine-tips\/\">25 Unreal Engine Tips<\/a><\/h6>\n                  <div class=\"button\"><a class=\"button-style2\" href=\"https:\/\/wallskors.com\/gamedev\/uncategorized-fr\/25-unreal-engine-tips\/\"><span>Read More<\/span><\/a><\/div>\n              <\/div>\n    <\/article>\n        <article class=\"blog-item category-uncategorized-fr  col-12 col-md-4 istp-item\">\n      <div class=\"wrap\">\n                  <div class=\"img\">\n                          <a href=\"https:\/\/wallskors.com\/gamedev\/uncategorized-fr\/marketing-and-communication-as-indie-studio\/\"><img width=\"1000\" height=\"563\" src=\"https:\/\/wallskors.com\/gamedev\/wp-content\/uploads\/2020\/07\/138848-electronic_instrument-video_games-electronics-peripheral-video_game_console-3840x2160-1.png\" class=\"attachment-large size-large\" alt=\"\" decoding=\"async\" loading=\"lazy\" srcset=\"https:\/\/wallskors.com\/gamedev\/wp-content\/uploads\/2020\/07\/138848-electronic_instrument-video_games-electronics-peripheral-video_game_console-3840x2160-1.png 1000w, https:\/\/wallskors.com\/gamedev\/wp-content\/uploads\/2020\/07\/138848-electronic_instrument-video_games-electronics-peripheral-video_game_console-3840x2160-1-300x169.png 300w, https:\/\/wallskors.com\/gamedev\/wp-content\/uploads\/2020\/07\/138848-electronic_instrument-video_games-electronics-peripheral-video_game_console-3840x2160-1-768x432.png 768w, https:\/\/wallskors.com\/gamedev\/wp-content\/uploads\/2020\/07\/138848-electronic_instrument-video_games-electronics-peripheral-video_game_console-3840x2160-1-70x39.png 70w, https:\/\/wallskors.com\/gamedev\/wp-content\/uploads\/2020\/07\/138848-electronic_instrument-video_games-electronics-peripheral-video_game_console-3840x2160-1-600x338.png 600w\" sizes=\"(max-width: 1000px) 100vw, 1000px\" \/><\/a>\n                      <\/div>\n                  <div class=\"date\">02\/10\/2020<\/div>\n                <h6 class=\"title\"><a href=\"https:\/\/wallskors.com\/gamedev\/uncategorized-fr\/marketing-and-communication-as-indie-studio\/\">Marketing And Communication as Indie Studio<\/a><\/h6>\n                  <div class=\"button\"><a class=\"button-style2\" href=\"https:\/\/wallskors.com\/gamedev\/uncategorized-fr\/marketing-and-communication-as-indie-studio\/\"><span>Read More<\/span><\/a><\/div>\n              <\/div>\n    <\/article>\n        <article class=\"blog-item category-uncategorized-fr  col-12 col-md-4 istp-item\">\n      <div class=\"wrap\">\n                  <div class=\"img\">\n                          <a href=\"https:\/\/wallskors.com\/gamedev\/uncategorized-fr\/construire-un-studio\/\"><img width=\"1024\" height=\"576\" src=\"https:\/\/wallskors.com\/gamedev\/wp-content\/uploads\/2020\/06\/LowPolyStylizedEnvironment_Screenshot_1-1920x1080-8df4e79cb034ee271f254f8959518966-1024x576.png\" class=\"attachment-large size-large\" alt=\"\" decoding=\"async\" loading=\"lazy\" srcset=\"https:\/\/wallskors.com\/gamedev\/wp-content\/uploads\/2020\/06\/LowPolyStylizedEnvironment_Screenshot_1-1920x1080-8df4e79cb034ee271f254f8959518966-1024x576.png 1024w, https:\/\/wallskors.com\/gamedev\/wp-content\/uploads\/2020\/06\/LowPolyStylizedEnvironment_Screenshot_1-1920x1080-8df4e79cb034ee271f254f8959518966-300x169.png 300w, https:\/\/wallskors.com\/gamedev\/wp-content\/uploads\/2020\/06\/LowPolyStylizedEnvironment_Screenshot_1-1920x1080-8df4e79cb034ee271f254f8959518966-768x432.png 768w, https:\/\/wallskors.com\/gamedev\/wp-content\/uploads\/2020\/06\/LowPolyStylizedEnvironment_Screenshot_1-1920x1080-8df4e79cb034ee271f254f8959518966-1536x864.png 1536w, https:\/\/wallskors.com\/gamedev\/wp-content\/uploads\/2020\/06\/LowPolyStylizedEnvironment_Screenshot_1-1920x1080-8df4e79cb034ee271f254f8959518966-70x39.png 70w, https:\/\/wallskors.com\/gamedev\/wp-content\/uploads\/2020\/06\/LowPolyStylizedEnvironment_Screenshot_1-1920x1080-8df4e79cb034ee271f254f8959518966-600x338.png 600w, https:\/\/wallskors.com\/gamedev\/wp-content\/uploads\/2020\/06\/LowPolyStylizedEnvironment_Screenshot_1-1920x1080-8df4e79cb034ee271f254f8959518966.png 1920w\" sizes=\"(max-width: 1024px) 100vw, 1024px\" \/><\/a>\n                      <\/div>\n                  <div class=\"date\">02\/10\/2020<\/div>\n                <h6 class=\"title\"><a href=\"https:\/\/wallskors.com\/gamedev\/uncategorized-fr\/construire-un-studio\/\">Construire un Studio<\/a><\/h6>\n                  <div class=\"button\"><a class=\"button-style2\" href=\"https:\/\/wallskors.com\/gamedev\/uncategorized-fr\/construire-un-studio\/\"><span>Read More<\/span><\/a><\/div>\n              <\/div>\n    <\/article>\n            <\/div>\n                  <div class=\"loadmore-button-block tac\">\n            <a class=\"loadmore-button button-style2\" data-type=\"masonry\" data-action=\"blog\" data-array=\"[{&quot;id&quot;:3742,&quot;cat&quot;:[&quot;uncategorized-fr&quot;]},{&quot;id&quot;:3743,&quot;cat&quot;:[&quot;uncategorized-fr&quot;]},{&quot;id&quot;:3744,&quot;cat&quot;:[&quot;uncategorized-fr&quot;]},{&quot;id&quot;:3745,&quot;cat&quot;:[&quot;uncategorized-fr&quot;]},{&quot;id&quot;:3596,&quot;cat&quot;:[&quot;developpement-jeu&quot;,&quot;game-development&quot;,&quot;unreal-engine&quot;]},{&quot;id&quot;:3581,&quot;cat&quot;:[&quot;game-development&quot;]},{&quot;id&quot;:3524,&quot;cat&quot;:[&quot;game-development&quot;]},{&quot;id&quot;:3497,&quot;cat&quot;:[&quot;game-development&quot;]},{&quot;id&quot;:3475,&quot;cat&quot;:[&quot;game-development&quot;]},{&quot;id&quot;:3457,&quot;cat&quot;:[&quot;game-development&quot;,&quot;unreal-engine&quot;]},{&quot;id&quot;:3401,&quot;cat&quot;:[&quot;game-development&quot;]},{&quot;id&quot;:3146,&quot;cat&quot;:[&quot;game-development&quot;,&quot;unreal-engine&quot;]},{&quot;id&quot;:2675,&quot;cat&quot;:[&quot;game-development&quot;,&quot;unreal-engine&quot;]}] \" data-count=\"9\" data-atts=\"{&quot;uniqid&quot;:&quot;5e16819ea309d&quot;,&quot;count_items&quot;:&quot;9&quot;,&quot;type&quot;:&quot;masonry&quot;,&quot;grid_style&quot;:&quot;style1&quot;,&quot;cols&quot;:&quot;xs:1,md:3&quot;,&quot;rows&quot;:&quot;1&quot;,&quot;navigation_arrows&quot;:&quot;on&quot;,&quot;filter_buttons&quot;:&quot;off&quot;,&quot;filter_buttons_align&quot;:&quot;tal&quot;,&quot;navigation&quot;:&quot;load_more&quot;,&quot;short_description_size&quot;:&quot;&quot;,&quot;date_format&quot;:&quot;d\\\/m\\\/Y&quot;,&quot;css_animation&quot;:&quot;&quot;,&quot;show_featured_image&quot;:&quot;on&quot;,&quot;show_heading&quot;:&quot;on&quot;,&quot;show_date&quot;:&quot;on&quot;,&quot;show_read_more&quot;:&quot;on&quot;,&quot;orderby&quot;:&quot;date&quot;,&quot;order&quot;:&quot;DESC&quot;,&quot;source&quot;:&quot;&quot;,&quot;items&quot;:&quot;&quot;,&quot;categories&quot;:&quot;&quot;,&quot;css&quot;:&quot;&quot;}\" data-magic-cursor=\"link\">\n              <span>Load More<\/span>\n              <span class=\"load-dots\">\n                <em><\/em>\n              <\/span>\n            <\/a>\n          <\/div>\n              <\/div>\n      [\/vc_column][\/vc_row]<\/p>\n","protected":false},"excerpt":{"rendered":"<p>[vc_row full_width=&#8221;stretch_row_content_no_spaces&#8221; css=&#8221;{&#8220;mobile_portrait&#8220;: {&#8220;undefined&#8220;: &#8220;Effacer&#8220;},&#8220;mobile_landscape&#8220;: {&#8220;undefined&#8220;: &#8220;Effacer&#8220;},&#8220;tablet_portrait&#8220;: {&#8220;undefined&#8220;: &#8220;Effacer&#8220;},&#8220;tablet_landscape&#8220;: {&#8220;undefined&#8220;: &#8220;Effacer&#8220;},&#8220;desktop&#8220;: {&#8220;undefined&#8220;: &#8220;Effacer&#8220;}}&#8221;][vc_column][\/vc_column][\/vc_row][vc_row full_width=&#8221;stretch_row&#8221; css=&#8221;{&#8220;mobile_portrait&#8220;: {&#8220;margin-top&#8220;: &#8220;20px&#8220;,&#8220;undefined&#8220;: &#8220;Effacer&#8220;},&#8220;mobile_landscape&#8220;: {&#8220;undefined&#8220;: &#8220;Effacer&#8220;},&#8220;tablet_portrait&#8220;: {&#8220;undefined&#8220;: &#8220;Effacer&#8220;},&#8220;tablet_landscape&#8220;: {&#8220;undefined&#8220;: &#8220;Effacer&#8220;},&#8220;desktop&#8220;: {&#8220;undefined&#8220;: &#8220;Effacer&#8220;}}&#8221;][vc_column][\/vc_column][\/vc_row]<\/p>\n","protected":false},"author":1,"featured_media":0,"parent":0,"menu_order":0,"comment_status":"closed","ping_status":"closed","template":"template-landing.php","meta":[],"_links":{"self":[{"href":"https:\/\/wallskors.com\/gamedev\/wp-json\/wp\/v2\/pages\/3711"}],"collection":[{"href":"https:\/\/wallskors.com\/gamedev\/wp-json\/wp\/v2\/pages"}],"about":[{"href":"https:\/\/wallskors.com\/gamedev\/wp-json\/wp\/v2\/types\/page"}],"author":[{"embeddable":true,"href":"https:\/\/wallskors.com\/gamedev\/wp-json\/wp\/v2\/users\/1"}],"replies":[{"embeddable":true,"href":"https:\/\/wallskors.com\/gamedev\/wp-json\/wp\/v2\/comments?post=3711"}],"version-history":[{"count":2,"href":"https:\/\/wallskors.com\/gamedev\/wp-json\/wp\/v2\/pages\/3711\/revisions"}],"predecessor-version":[{"id":3717,"href":"https:\/\/wallskors.com\/gamedev\/wp-json\/wp\/v2\/pages\/3711\/revisions\/3717"}],"wp:attachment":[{"href":"https:\/\/wallskors.com\/gamedev\/wp-json\/wp\/v2\/media?parent=3711"}],"curies":[{"name":"wp","href":"https:\/\/api.w.org\/{rel}","templated":true}]}}