{"id":3703,"date":"2020-10-02T08:06:55","date_gmt":"2020-10-02T15:06:55","guid":{"rendered":"https:\/\/wallskors.com\/gamedev\/?page_id=3703"},"modified":"2022-06-21T02:42:49","modified_gmt":"2022-06-21T09:42:49","slug":"games-fr","status":"publish","type":"page","link":"https:\/\/wallskors.com\/gamedev\/games-fr\/","title":{"rendered":"Nos Jeux"},"content":{"rendered":"<p>[vc_row full_width=&#8221;stretch_row_content_no_spaces&#8221;][vc_column]    <div class=\"banner-area banner-area-5e1762b7782e6 with-social-links\">\n              <div class=\"social-links\">\n          <a href=\"https:\/\/github.com\/wallskors\/\" target=\"_self\"><i class=\"fab fa-github\"><\/i><\/a><a href=\"https:\/\/www.facebook.com\/wallskors\/\" target=\"_self\"><i class=\"fab fa-facebook-f\"><\/i><\/a><a href=\"https:\/\/twitter.com\/wallskors\" target=\"_self\"><i class=\"fab fa-twitter\"><\/i><\/a><a href=\"https:\/\/www.linkedin.com\/company\/51724563\/\" target=\"_self\"><i class=\"fab fa-linkedin-in\"><\/i><\/a>        <\/div>\n            <div class=\"banner-item tal\" style=\"\">\n        \n    \n    <div class=\"bg-overlay\">                        <div class=\"image\" style=\"background-image: url(https:\/\/wallskors.com\/gamedev\/wp-content\/uploads\/2020\/09\/bastion-1601053194856-5636.jpg)\"><\/div>\n                  <\/div>        <div class=\"container\">\n          <div class=\"row fixed-height\" style=\"min-height: 500px;\">\n                        <div class=\"col-auto\">\n                              <div class=\"heading-block tal with-decor-block\">\n                                      <div class=\"h h2\">Nos Jeux<\/div>\n                                  <\/div>\n                              <div class=\"text\">D\u00e9couvrez nos jeux en d\u00e9veloppement et ceux d\u00e9j\u00e0 r\u00e9alis\u00e9s. Ces jeux sont gratuits \u00e0 t\u00e9l\u00e9charger et les premi\u00e8res versions de nos jeux en d\u00e9veloppement seront bient\u00f4t disponibles.<\/div>\n                          <\/div>\n          <\/div>\n        <\/div>\n      <\/div>\n    <\/div>\n    [\/vc_column][\/vc_row][vc_row full_width=&#8221;stretch_row&#8221; uniqid=&#8221;5e179b3afb763&#8243; css=&#8221;{&#8220;mobile_portrait&#8220;: {&#8220;margin-top&#8220;: &#8220;35&#8220;,&#8220;undefined&#8220;: &#8220;Effacer&#8220;},&#8220;mobile_landscape&#8220;: {&#8220;undefined&#8220;: &#8220;Effacer&#8220;},&#8220;tablet_portrait&#8220;: {&#8220;undefined&#8220;: &#8220;Effacer&#8220;},&#8220;tablet_landscape&#8220;: {&#8220;undefined&#8220;: &#8220;Effacer&#8220;},&#8220;desktop&#8220;: {&#8220;undefined&#8220;: &#8220;Effacer&#8220;}}&#8221;][vc_column width=&#8221;1\/3&#8243; css=&#8221;{&#8220;mobile_portrait&#8220;: {&#8220;margin-top&#8220;: &#8220;35&#8220;,&#8220;undefined&#8220;: &#8220;Effacer&#8220;},&#8220;mobile_landscape&#8220;: {&#8220;undefined&#8220;: &#8220;Effacer&#8220;},&#8220;tablet_portrait&#8220;: {&#8220;undefined&#8220;: &#8220;Effacer&#8220;},&#8220;tablet_landscape&#8220;: {&#8220;undefined&#8220;: &#8220;Effacer&#8220;},&#8220;desktop&#8220;: {&#8220;undefined&#8220;: &#8220;Effacer&#8220;}}&#8221;][vc_single_image image=&#8221;3657&#8243; img_size=&#8221;full&#8221; alignment=&#8221;center&#8221; onclick=&#8221;link_image&#8221;][\/vc_column][vc_column width=&#8221;2\/3&#8243;]      <div class=\"heading-block heading-5e179b904eb7b with-decor-block tal h-h4\">\n                  <h4 class=\"h\">Canadian Traveller<\/h4>\n              <\/div>\n    [vc_column_text uniqid=&#8221;5e179bd40c488&#8243;]Ce premier jeu servira de pr\u00e9lude aux suivants, il annonce le d\u00e9but de votre aventure d&#8217;explorateur dans un monde totalement nouveau, cach\u00e9 jusqu&#8217;\u00e0 aujourd&#8217;hui. Vous serez plong\u00e9 dans un univers pr\u00e9sentant deux dimensions diff\u00e9rentes, et se conformant \u00e0 des conditions oppos\u00e9es (m\u00e9t\u00e9o, environnement).<\/p>\n<p>Le d\u00e9veloppement devient de plus en plus professionnel et en conformit\u00e9 avec les besoins de notre studio, les objectifs sont atteints et nous continuons \u00e0 avancer dans la cr\u00e9ation et l&#8217;innovation du jeu.[\/vc_column_text][vc_btn title=&#8221;En Savoir Plus&#8221; style=&#8221;outline&#8221; shape=&#8221;square&#8221; color=&#8221;white&#8221; i_type=&#8221;typicons&#8221; i_icon_typicons=&#8221;typcn typcn-zoom-in&#8221; add_icon=&#8221;true&#8221; css=&#8221;.vc_custom_1601654967011{padding-left: 35% !important;}&#8221; link=&#8221;url:https%3A%2F%2Fwallskors.com%2Fgamedev%2Ffr%2Fcanadian-traveller-fr%2F|title:Canadian%20Traveller||&#8221;][\/vc_column][\/vc_row][vc_row full_width=&#8221;stretch_row&#8221;][vc_column width=&#8221;1\/3&#8243; css=&#8221;{&#8220;mobile_portrait&#8220;: {&#8220;margin-top&#8220;: &#8220;35&#8220;,&#8220;undefined&#8220;: &#8220;Effacer&#8220;},&#8220;mobile_landscape&#8220;: {&#8220;undefined&#8220;: &#8220;Effacer&#8220;},&#8220;tablet_portrait&#8220;: {&#8220;undefined&#8220;: &#8220;Effacer&#8220;},&#8220;tablet_landscape&#8220;: {&#8220;undefined&#8220;: &#8220;Effacer&#8220;},&#8220;desktop&#8220;: {&#8220;undefined&#8220;: &#8220;Effacer&#8220;}}&#8221;][vc_single_image image=&#8221;3011&#8243; img_size=&#8221;full&#8221; alignment=&#8221;center&#8221; onclick=&#8221;link_image&#8221;][\/vc_column][vc_column width=&#8221;2\/3&#8243;]      <div class=\"heading-block heading-69dee554da400 with-decor-block tal h-h4\">\n                  <h4 class=\"h\">Frontal Offensive<\/h4>\n              <\/div>\n    [vc_column_text uniqid=&#8221;5ea865da25123&#8243;]Dans ce monde ouvert de style cyberpunk, l&#8217;importance de vos choix et de vos actions est fondamentale pour pr\u00e9venir ou cr\u00e9er une nouvelle guerre. De plus, dans ce jeu que vous jouez en TPS, nous vous proposons un vaste univers compos\u00e9 de mondes et de royaumes \u00e0 d\u00e9fendre ou \u00e0 prendre. Vous pouvez utiliser vos pouvoirs technologiques ou votre franchise d&#8217;attaque pour d\u00e9fendre vos int\u00e9r\u00eats afin de prot\u00e9ger votre monde. Les joueurs sont tenus de garder et de surveiller une \u00e9chelle sur leur territoire et d&#8217;en explorer les secrets.[\/vc_column_text][vc_btn title=&#8221;En Savoir Plus&#8221; style=&#8221;outline&#8221; shape=&#8221;square&#8221; color=&#8221;white&#8221; i_type=&#8221;typicons&#8221; i_icon_typicons=&#8221;typcn typcn-zoom-in&#8221; add_icon=&#8221;true&#8221; css=&#8221;.vc_custom_1601655119918{padding-left: 35% !important;}&#8221;][\/vc_column][\/vc_row][vc_row full_width=&#8221;stretch_row&#8221;][vc_column width=&#8221;1\/3&#8243; css=&#8221;{&#8220;mobile_portrait&#8220;: {&#8220;margin-top&#8220;: &#8220;35&#8220;,&#8220;undefined&#8220;: &#8220;Effacer&#8220;},&#8220;mobile_landscape&#8220;: {&#8220;undefined&#8220;: &#8220;Effacer&#8220;},&#8220;tablet_portrait&#8220;: {&#8220;undefined&#8220;: &#8220;Effacer&#8220;},&#8220;tablet_landscape&#8220;: {&#8220;undefined&#8220;: &#8220;Effacer&#8220;},&#8220;desktop&#8220;: {&#8220;undefined&#8220;: &#8220;Effacer&#8220;}}&#8221;][vc_single_image image=&#8221;3008&#8243; img_size=&#8221;full&#8221; alignment=&#8221;center&#8221; onclick=&#8221;link_image&#8221;][\/vc_column][vc_column width=&#8221;2\/3&#8243;]      <div class=\"heading-block heading-69dee554da43b with-decor-block tal h-h4\">\n                  <h4 class=\"h\">Another Light<\/h4>\n              <\/div>\n    [vc_column_text uniqid=&#8221;5ea8662150f9b&#8221;]Apr\u00e8s votre voyage \u00e9pique dans le monde de Canadian Traveller, vous serez lanc\u00e9 dans l&#8217;aventure d&#8217;une histoire compl\u00e8tement diff\u00e9rente. Ce jeu est principalement ax\u00e9 sur l&#8217;exploration des mondes et l&#8217;apprentissage. Vous incarnez un h\u00e9ros sans pouvoir ni rep\u00e8res, mais votre seule arme est votre caract\u00e8re de survie et vos connaissances.<\/p>\n<p>La conception et le document de conception du jeu sont encore \u00e0 faire mais pour l&#8217;instant notre attention se concentre uniquement sur les deux premiers et les autres projets.<\/p>\n<p>Note : Suite \u00e0 la cr\u00e9ation d&#8217;un compte dans l&#8217;une de nos divisions, vous aurez acc\u00e8s \u00e0 tout notre contenu sur le m\u00eame et unique compte.[\/vc_column_text][vc_btn title=&#8221;En Savoir Plus&#8221; style=&#8221;outline&#8221; shape=&#8221;square&#8221; color=&#8221;white&#8221; i_type=&#8221;typicons&#8221; i_icon_typicons=&#8221;typcn typcn-zoom-in&#8221; add_icon=&#8221;true&#8221; css=&#8221;.vc_custom_1601655131166{padding-left: 35% !important;}&#8221;][\/vc_column][\/vc_row][vc_row full_width=&#8221;stretch_row&#8221;][vc_column width=&#8221;1\/3&#8243; css=&#8221;{&#8220;mobile_portrait&#8220;: {&#8220;margin-top&#8220;: &#8220;35&#8220;,&#8220;undefined&#8220;: &#8220;Effacer&#8220;},&#8220;mobile_landscape&#8220;: {&#8220;undefined&#8220;: &#8220;Effacer&#8220;},&#8220;tablet_portrait&#8220;: {&#8220;undefined&#8220;: &#8220;Effacer&#8220;},&#8220;tablet_landscape&#8220;: {&#8220;undefined&#8220;: &#8220;Effacer&#8220;},&#8220;desktop&#8220;: {&#8220;undefined&#8220;: &#8220;Effacer&#8220;}}&#8221;][vc_single_image image=&#8221;2646&#8243; img_size=&#8221;full&#8221; alignment=&#8221;center&#8221; onclick=&#8221;link_image&#8221;][\/vc_column][vc_column width=&#8221;2\/3&#8243;]      <div class=\"heading-block heading-69dee554da46f with-decor-block tal h-h4\">\n                  <h4 class=\"h\">HellBlaze<\/h4>\n              <\/div>\n    [vc_column_text uniqid=&#8221;5ea8665a3841b&#8221;]<\/p>\n<h4 class=\"h4 pull-right m-0\"><span style=\"font-size: 22px;\"><strong>Jeu avec SQUAD4<\/strong><\/span><\/h4>\n<p>Ce projet a \u00e9t\u00e9 donn\u00e9 lors de la session d&#8217;hiver 2019 au Qu\u00e9bec (UQAC), nous \u00e9tions 7 d\u00e9veloppeurs travaillant sur ce projet et il a \u00e9t\u00e9 correctement r\u00e9alis\u00e9 et pr\u00e9sent\u00e9 \u00e0 notre jury d&#8217;enseignants. HellBlaze est un RPG se d\u00e9roulant dans un univers &#8220;Heroic Fantasy&#8221; et place le joueur dans une atmosph\u00e8re sinistre et brutale. L&#8217;objectif est de terminer chaque niveau (chacun ayant sa propre difficult\u00e9 et son propre mode de jeu) et de r\u00e9aliser toutes les t\u00e2ches qui vous sont confi\u00e9es en fonction de la difficult\u00e9 du jeu que vous choisissez.<\/p>\n<p>Afin d&#8217;assurer la long\u00e9vit\u00e9 et la rejouabilit\u00e9 de notre jeu, nous avons d\u00e9velopp\u00e9 un gameplay adapt\u00e9 \u00e0 la progression et aux comp\u00e9tences du joueur. Ainsi, un syst\u00e8me de niveaux, des tutoriels et des zones de fermes ont \u00e9t\u00e9 d\u00e9velopp\u00e9s afin de satisfaire un plus grand nombre de joueurs selon leur style de jeu.[\/vc_column_text][vc_row_inner css=&#8221;{&#8220;mobile_portrait&#8220;: {&#8220;undefined&#8220;: &#8220;Effacer&#8220;},&#8220;mobile_landscape&#8220;: {&#8220;undefined&#8220;: &#8220;Effacer&#8220;},&#8220;tablet_portrait&#8220;: {&#8220;undefined&#8220;: &#8220;Effacer&#8220;},&#8220;tablet_landscape&#8220;: {&#8220;undefined&#8220;: &#8220;Effacer&#8220;},&#8220;desktop&#8220;: {&#8220;undefined&#8220;: &#8220;Effacer&#8220;}}&#8221;][vc_column_inner width=&#8221;1\/2&#8243;][vc_btn title=&#8221;En Savoir Plus&#8221; style=&#8221;outline&#8221; shape=&#8221;square&#8221; color=&#8221;white&#8221; i_type=&#8221;typicons&#8221; i_icon_typicons=&#8221;typcn typcn-zoom-in&#8221; add_icon=&#8221;true&#8221; css=&#8221;.vc_custom_1601655191766{padding-left: 35% !important;}&#8221;][\/vc_column_inner][vc_column_inner width=&#8221;1\/2&#8243;][vc_btn title=&#8221;T\u00e9l\u00e9charger&#8221; style=&#8221;outline&#8221; shape=&#8221;square&#8221; color=&#8221;white&#8221; i_type=&#8221;typicons&#8221; i_icon_typicons=&#8221;typcn typcn-download-outline&#8221; add_icon=&#8221;true&#8221; css=&#8221;.vc_custom_1601655203779{padding-left: 35% !important;}&#8221;][\/vc_column_inner][\/vc_row_inner][\/vc_column][\/vc_row][vc_row full_width=&#8221;stretch_row&#8221; css=&#8221;{&#8220;mobile_portrait&#8220;: {&#8220;margin-top&#8220;: &#8220;35&#8220;,&#8220;undefined&#8220;: &#8220;Effacer&#8220;},&#8220;mobile_landscape&#8220;: {&#8220;undefined&#8220;: &#8220;Effacer&#8220;},&#8220;tablet_portrait&#8220;: {&#8220;undefined&#8220;: &#8220;Effacer&#8220;},&#8220;tablet_landscape&#8220;: {&#8220;undefined&#8220;: &#8220;Effacer&#8220;},&#8220;desktop&#8220;: {&#8220;undefined&#8220;: &#8220;Effacer&#8220;}}&#8221;][vc_column width=&#8221;1\/3&#8243; css=&#8221;{&#8220;mobile_portrait&#8220;: {&#8220;margin-top&#8220;: &#8220;35&#8220;,&#8220;undefined&#8220;: &#8220;Effacer&#8220;},&#8220;mobile_landscape&#8220;: {&#8220;undefined&#8220;: &#8220;Effacer&#8220;},&#8220;tablet_portrait&#8220;: {&#8220;undefined&#8220;: &#8220;Effacer&#8220;},&#8220;tablet_landscape&#8220;: {&#8220;undefined&#8220;: &#8220;Effacer&#8220;},&#8220;desktop&#8220;: {&#8220;undefined&#8220;: &#8220;Effacer&#8220;}}&#8221;][vc_single_image image=&#8221;3169&#8243; img_size=&#8221;full&#8221; alignment=&#8221;center&#8221; onclick=&#8221;link_image&#8221;][\/vc_column][vc_column width=&#8221;2\/3&#8243;]      <div class=\"heading-block heading-5e4e8c82c3fa0 with-decor-block tal h-h4\">\n                  <h4 class=\"h\">ERROR-418<\/h4>\n              <\/div>\n    [vc_column_text uniqid=&#8221;5e4e8c54129c2&#8243;]ERROR-418 est un jeu vid\u00e9o r\u00e9alis\u00e9 lors du concours Global Game Jam 2020 du 31 janvier au 2 f\u00e9vrier 2020, auquel nous avons particip\u00e9 en tant que programmeur. Le but principal de ce jeu est de r\u00e9ussir \u00e0 r\u00e9parer les serveurs avant qu&#8217;ils ne tombent en panne, et tout cela avant la fin du temps imparti. Nous avons ainsi propos\u00e9 un gameplay amusant et dynamique, dans le but de focaliser facilement la rejouabilit\u00e9 en ajoutant plusieurs niveaux, chacun avec un certain niveau de difficult\u00e9.<\/p>\n<p>Le th\u00e8me de cette Game Jam 2020 \u00e9tait la r\u00e9paration. Nous \u00e9tions une \u00e9quipe de 8 personnes (principalement des d\u00e9veloppeurs) et avons fait preuve d&#8217;une grande organisation des t\u00e2ches et de la communication tout au long de cette comp\u00e9tition.[\/vc_column_text][vc_btn title=&#8221;T\u00e9l\u00e9charger&#8221; style=&#8221;outline&#8221; shape=&#8221;square&#8221; color=&#8221;white&#8221; i_type=&#8221;typicons&#8221; i_icon_typicons=&#8221;typcn typcn-download-outline&#8221; add_icon=&#8221;true&#8221; css=&#8221;.vc_custom_1601655249363{padding-left: 35% !important;}&#8221; link=&#8221;url:https%3A%2F%2Fglobalgamejam.org%2F2020%2Fgames%2Ferror-418-6|||&#8221;][\/vc_column][\/vc_row][vc_row full_width=&#8221;stretch_row&#8221;][vc_column width=&#8221;1\/3&#8243; css=&#8221;{&#8220;mobile_portrait&#8220;: {&#8220;margin-top&#8220;: &#8220;35&#8220;,&#8220;undefined&#8220;: &#8220;Effacer&#8220;},&#8220;mobile_landscape&#8220;: {&#8220;undefined&#8220;: &#8220;Effacer&#8220;},&#8220;tablet_portrait&#8220;: {&#8220;undefined&#8220;: &#8220;Effacer&#8220;},&#8220;tablet_landscape&#8220;: {&#8220;undefined&#8220;: &#8220;Effacer&#8220;},&#8220;desktop&#8220;: {&#8220;undefined&#8220;: &#8220;Effacer&#8220;}}&#8221;][vc_single_image image=&#8221;2636&#8243; img_size=&#8221;full&#8221; alignment=&#8221;center&#8221; onclick=&#8221;link_image&#8221;][\/vc_column][vc_column width=&#8221;2\/3&#8243;]      <div class=\"heading-block heading-69dee554da4d3 with-decor-block tal h-h4\">\n                  <h4 class=\"h\">Four For Fort<\/h4>\n              <\/div>\n    [vc_column_text uniqid=&#8221;5ea8675d0e2d6&#8243;]<\/p>\n<h4 class=\"h4 pull-right m-0\"><span style=\"font-size: 22px;\"><strong>WonderJam 2019<\/strong><\/span><\/h4>\n<p>Four For Fort est un jeu comp\u00e9titif d\u00e9velopp\u00e9 pour le WonderJam de 2019 qui s&#8217;est d\u00e9roul\u00e9 au Qu\u00e9bec (UQAC). Il s&#8217;agit d&#8217;un jeu de coop\u00e9ration en \u00e9quipe o\u00f9 vous jouez en tant que petit joueur et o\u00f9 le but est de terminer le parcours le plus rapidement possible, et avant l&#8217;\u00e9quipe adverse. Il s&#8217;agit donc d&#8217;un jeu multijoueurs dans lequel le nombre maximum de joueurs peut aller jusqu&#8217;\u00e0 4 (2vs2). Le jeu comporte de nombreux obstacles et les joueurs devront faire preuve d&#8217;intelligence et de rapidit\u00e9 pour terminer la course.<\/p>\n<p>Le th\u00e8me du WonderJam \u00e9tait &#8220;la pression&#8221; et c&#8217;\u00e9tait \u00e0 nous de l&#8217;interpr\u00e9ter comme nous le voulions. Nous \u00e9tions donc une \u00e9quipe de quatre d\u00e9veloppeurs de 3e ann\u00e9e et avons pass\u00e9 les 48 heures de la comp\u00e9tition \u00e0 d\u00e9velopper ce jeu. C&#8217;est tr\u00e8s amusant \u00e0 jouer, surtout avec des amis, et c&#8217;est un projet termin\u00e9.[\/vc_column_text][vc_row_inner][vc_column_inner width=&#8221;1\/2&#8243;][vc_btn title=&#8221;En Savoir Plus&#8221; style=&#8221;outline&#8221; shape=&#8221;square&#8221; color=&#8221;white&#8221; i_type=&#8221;typicons&#8221; i_icon_typicons=&#8221;typcn typcn-zoom-in&#8221; add_icon=&#8221;true&#8221; css=&#8221;.vc_custom_1601655310571{padding-left: 35% !important;}&#8221;][\/vc_column_inner][vc_column_inner width=&#8221;1\/2&#8243;][vc_btn title=&#8221;T\u00e9l\u00e9charger&#8221; style=&#8221;outline&#8221; shape=&#8221;square&#8221; color=&#8221;white&#8221; i_type=&#8221;typicons&#8221; i_icon_typicons=&#8221;typcn typcn-download-outline&#8221; add_icon=&#8221;true&#8221; css=&#8221;.vc_custom_1601655319723{padding-left: 35% !important;}&#8221;][\/vc_column_inner][\/vc_row_inner][\/vc_column][\/vc_row][vc_row full_width=&#8221;stretch_row&#8221;][vc_column width=&#8221;1\/3&#8243; css=&#8221;{&#8220;mobile_portrait&#8220;: {&#8220;margin-top&#8220;: &#8220;35&#8220;,&#8220;undefined&#8220;: &#8220;Effacer&#8220;},&#8220;mobile_landscape&#8220;: {&#8220;undefined&#8220;: &#8220;Effacer&#8220;},&#8220;tablet_portrait&#8220;: {&#8220;undefined&#8220;: &#8220;Effacer&#8220;},&#8220;tablet_landscape&#8220;: {&#8220;undefined&#8220;: &#8220;Effacer&#8220;},&#8220;desktop&#8220;: {&#8220;undefined&#8220;: &#8220;Effacer&#8220;}}&#8221;][vc_single_image image=&#8221;2656&#8243; img_size=&#8221;full&#8221; alignment=&#8221;center&#8221; onclick=&#8221;link_image&#8221;][\/vc_column][vc_column width=&#8221;2\/3&#8243;]      <div class=\"heading-block heading-69dee554da4ff with-decor-block tal h-h4\">\n                  <h4 class=\"h\">REHAB<\/h4>\n              <\/div>\n    [vc_column_text uniqid=&#8221;5ea8681940654&#8243;]<\/p>\n<div class=\"progress\">\n<div class=\"progress-bar progress-bar-success\" role=\"progressbar\" aria-valuenow=\"100\" aria-valuemin=\"0\" aria-valuemax=\"100\"><\/div>\n<\/div>\n<h4 class=\"h4 pull-right m-0\"><span style=\"font-size: 22px;\"><strong>UQAC 2018<\/strong><\/span><\/h4>\n<p>Rehab est un jeu vid\u00e9o d\u00e9velopp\u00e9 par plusieurs personnes pour le semestre d&#8217;automne 2018 pendant mes \u00e9tudes. L&#8217;objectif \u00e9tait de d\u00e9velopper un serious game traitant d&#8217;un th\u00e8me particulier, et qui vise \u00e0 d\u00e9livrer un message \u00e9ducatif ou \u00e9motionnel aux joueurs. Le th\u00e8me attribu\u00e9 \u00e0 notre groupe \u00e9tait l&#8217;alcool et nous l&#8217;avons trait\u00e9 principalement autour d&#8217;une intelligence artificielle.<\/p>\n<p>Nous avons donc r\u00e9alis\u00e9 ce jeu avec une \u00e9quipe d&#8217;artistes sur Unreal Engine, et les objectifs de chaque niveau \u00e9taient d&#8217;emp\u00eacher l&#8217;intelligence artificielle (un p\u00e8re de famille) de boire des bouteilles d&#8217;alcool gr\u00e2ce aux \u00e9l\u00e9ments de l&#8217;environnement qui l&#8217;entoure.[\/vc_column_text][vc_row_inner][vc_column_inner width=&#8221;1\/2&#8243;][vc_btn title=&#8221;En Savoir Plus&#8221; style=&#8221;outline&#8221; shape=&#8221;square&#8221; color=&#8221;white&#8221; i_type=&#8221;typicons&#8221; i_icon_typicons=&#8221;typcn typcn-zoom-in&#8221; add_icon=&#8221;true&#8221; css=&#8221;.vc_custom_1601655383027{padding-left: 35% !important;}&#8221;][\/vc_column_inner][vc_column_inner width=&#8221;1\/2&#8243;][vc_btn title=&#8221;T\u00e9l\u00e9charger&#8221; style=&#8221;outline&#8221; shape=&#8221;square&#8221; color=&#8221;white&#8221; i_type=&#8221;typicons&#8221; i_icon_typicons=&#8221;typcn typcn-download-outline&#8221; add_icon=&#8221;true&#8221; css=&#8221;.vc_custom_1601655390347{padding-left: 35% !important;}&#8221;][\/vc_column_inner][\/vc_row_inner][\/vc_column][\/vc_row]<\/p>\n","protected":false},"excerpt":{"rendered":"<p>[vc_row full_width=&#8221;stretch_row_content_no_spaces&#8221;][vc_column][\/vc_column][\/vc_row][vc_row full_width=&#8221;stretch_row&#8221; uniqid=&#8221;5e179b3afb763&#8243; css=&#8221;{&#8220;mobile_portrait&#8220;: {&#8220;margin-top&#8220;: &#8220;35&#8220;,&#8220;undefined&#8220;: &#8220;Effacer&#8220;},&#8220;mobile_landscape&#8220;: {&#8220;undefined&#8220;: &#8220;Effacer&#8220;},&#8220;tablet_portrait&#8220;: {&#8220;undefined&#8220;: &#8220;Effacer&#8220;},&#8220;tablet_landscape&#8220;: {&#8220;undefined&#8220;: &#8220;Effacer&#8220;},&#8220;desktop&#8220;: {&#8220;undefined&#8220;: &#8220;Effacer&#8220;}}&#8221;][vc_column width=&#8221;1\/3&#8243; css=&#8221;{&#8220;mobile_portrait&#8220;: {&#8220;margin-top&#8220;: &#8220;35&#8220;,&#8220;undefined&#8220;: &#8220;Effacer&#8220;},&#8220;mobile_landscape&#8220;: {&#8220;undefined&#8220;: &#8220;Effacer&#8220;},&#8220;tablet_portrait&#8220;: {&#8220;undefined&#8220;: &#8220;Effacer&#8220;},&#8220;tablet_landscape&#8220;: {&#8220;undefined&#8220;: &#8220;Effacer&#8220;},&#8220;desktop&#8220;: {&#8220;undefined&#8220;: &#8220;Effacer&#8220;}}&#8221;][vc_single_image image=&#8221;3657&#8243; img_size=&#8221;full&#8221; alignment=&#8221;center&#8221; onclick=&#8221;link_image&#8221;][\/vc_column][vc_column width=&#8221;2\/3&#8243;][vc_column_text uniqid=&#8221;5e179bd40c488&#8243;]Ce premier jeu servira de pr\u00e9lude aux suivants, il annonce le d\u00e9but de votre aventure d&#8217;explorateur dans un monde totalement nouveau, [&hellip;]<\/p>\n","protected":false},"author":1,"featured_media":0,"parent":0,"menu_order":0,"comment_status":"closed","ping_status":"closed","template":"template-landing.php","meta":[],"_links":{"self":[{"href":"https:\/\/wallskors.com\/gamedev\/wp-json\/wp\/v2\/pages\/3703"}],"collection":[{"href":"https:\/\/wallskors.com\/gamedev\/wp-json\/wp\/v2\/pages"}],"about":[{"href":"https:\/\/wallskors.com\/gamedev\/wp-json\/wp\/v2\/types\/page"}],"author":[{"embeddable":true,"href":"https:\/\/wallskors.com\/gamedev\/wp-json\/wp\/v2\/users\/1"}],"replies":[{"embeddable":true,"href":"https:\/\/wallskors.com\/gamedev\/wp-json\/wp\/v2\/comments?post=3703"}],"version-history":[{"count":7,"href":"https:\/\/wallskors.com\/gamedev\/wp-json\/wp\/v2\/pages\/3703\/revisions"}],"predecessor-version":[{"id":3833,"href":"https:\/\/wallskors.com\/gamedev\/wp-json\/wp\/v2\/pages\/3703\/revisions\/3833"}],"wp:attachment":[{"href":"https:\/\/wallskors.com\/gamedev\/wp-json\/wp\/v2\/media?parent=3703"}],"curies":[{"name":"wp","href":"https:\/\/api.w.org\/{rel}","templated":true}]}}