{"id":3702,"date":"2020-10-02T08:05:21","date_gmt":"2020-10-02T15:05:21","guid":{"rendered":"https:\/\/wallskors.com\/gamedev\/?page_id=3702"},"modified":"2022-06-21T02:45:18","modified_gmt":"2022-06-21T09:45:18","slug":"gamejams-fr","status":"publish","type":"page","link":"https:\/\/wallskors.com\/gamedev\/gamejams-fr\/","title":{"rendered":"GameJams"},"content":{"rendered":"<p>[vc_row full_width=&#8221;stretch_row_content_no_spaces&#8221;][vc_column]    <div class=\"banner-area banner-area-5e176018e5dfc with-social-links\">\n              <div class=\"social-links\">\n          <a href=\"https:\/\/github.com\/wallskors\/\" target=\"_self\"><i class=\"fab fa-github\"><\/i><\/a><a href=\"https:\/\/www.facebook.com\/wallskors\/\" target=\"_self\"><i class=\"fab fa-facebook-f\"><\/i><\/a><a href=\"https:\/\/twitter.com\/wallskors\" target=\"_self\"><i class=\"fab fa-twitter\"><\/i><\/a><a href=\"https:\/\/www.linkedin.com\/company\/51724563\/\" target=\"_self\"><i class=\"fab fa-linkedin-in\"><\/i><\/a>        <\/div>\n            <div class=\"banner-item tal\" style=\"\">\n        \n    \n    <div class=\"bg-overlay\">                        <div class=\"image\" style=\"background-image: url(https:\/\/wallskors.com\/gamedev\/wp-content\/uploads\/2020\/09\/wallhaven-j5x3gp.jpg)\"><\/div>\n                  <\/div>        <div class=\"container\">\n          <div class=\"row fixed-height\" style=\"min-height: 500px;\">\n                        <div class=\"col-auto\">\n                              <div class=\"heading-block tal with-decor-block\">\n                                      <div class=\"h h2\">GameJams<\/div>\n                                  <\/div>\n                              <div class=\"text\">Suivez et d\u00e9couvrez nos concours de cr\u00e9ation de jeux vid\u00e9o ! Partagez vos suggestions ou rejoignez notre \u00e9quipe de d\u00e9veloppeurs lors des concours.<\/div>\n                          <\/div>\n          <\/div>\n        <\/div>\n      <\/div>\n    <\/div>\n    [\/vc_column][\/vc_row][vc_row full_width=&#8221;stretch_row&#8221; css=&#8221;{&#8220;mobile_portrait&#8220;: {&#8220;undefined&#8220;: &#8220;Effacer&#8220;},&#8220;mobile_landscape&#8220;: {&#8220;undefined&#8220;: &#8220;Effacer&#8220;},&#8220;tablet_portrait&#8220;: {&#8220;undefined&#8220;: &#8220;Effacer&#8220;},&#8220;tablet_landscape&#8220;: {&#8220;undefined&#8220;: &#8220;Effacer&#8220;},&#8220;desktop&#8220;: {&#8220;undefined&#8220;: &#8220;Effacer&#8220;}}&#8221;][vc_column]      <div class=\"heading-block heading-5e176c30a0339 tal h-h2\">\n                  <h2 class=\"h\">Quelles sont les raisons pour participer aux GameJams ?<\/h2>\n              <\/div>\n    [\/vc_column][\/vc_row][vc_row full_width=&#8221;stretch_row&#8221; uniqid=&#8221;5e17657ec4514&#8243;][vc_column]      <div class=\"icon-box-block icon-box-block-5e1766087e4d6\">\n        <div class=\"row\">\n                <div class=\" col-12 col-md-4\">\n        <div class=\"icon-box icon-box-style-5e176619522d8\">\n          <div class=\"wrap\">\n            <div class=\"icon vc-material vc-material-terrain\"><\/div>\n                          <h6 class=\"title\">GameJams<\/h6>\n                          <div class=\"desc\">Les avantages d'un concours de d\u00e9veloppement de jeux sont qu'il y a beaucoup \u00e0 apprendre en peu de temps. C'est une occasion d'utiliser vos comp\u00e9tences et de pouvoir les adapter \u00e0 n'importe quelle situation.<\/div>\n                      <\/div>\n                  <\/div>\n      <\/div>\n          <div class=\" col-12 col-md-4\">\n        <div class=\"icon-box icon-box-style-5e1768eb34125 primary\">\n          <div class=\"wrap\">\n            <div class=\"icon entypo-icon entypo-icon-code\"><\/div>\n                          <h6 class=\"title\">Savoir Coder<\/h6>\n                          <div class=\"desc\">C'est un bon moyen d'apprendre \u00e0 concr\u00e9tiser vos projets et \u00e0 communiquer en \u00e9quipe. Chacun y trouve son r\u00f4le, qu'il soit artiste, programmeur ou autre ! C'est aussi se forcer \u00e0 cr\u00e9er un jeu vid\u00e9o en 48 heures sous un th\u00e8me toujours diff\u00e9rent du pr\u00e9c\u00e9dent.<\/div>\n                      <\/div>\n                  <\/div>\n      <\/div>\n          <div class=\" col-12 col-md-4\">\n        <div class=\"icon-box icon-box-style-5e17669a4641a\">\n          <div class=\"wrap\">\n            <div class=\"icon entypo-icon entypo-icon-user-add\"><\/div>\n                          <h6 class=\"title\">Pour \u00e9tendre ton r\u00e9seau<\/h6>\n                          <div class=\"desc\">Pendant les GameJams, nous profitons de l'occasion pour apprendre des autres aussi et pour apprendre \u00e0 nous conna\u00eetre en tant que programmeurs et artistes.<\/div>\n                      <\/div>\n                  <\/div>\n      <\/div>\n            <\/div>\n      <\/div>\n    [\/vc_column][\/vc_row][vc_row][vc_column width=&#8221;2\/3&#8243;]      <div class=\"heading-block heading-5e176ddd3e488 tal h-h2\">\n                  <h2 class=\"h\">Quelque chose \u00e0 apprendre, quelle que soit la plateforme (Unreal \/ Unity)<\/h2>\n              <\/div>\n    [vc_column_text uniqid=&#8221;5e176df2f4ff6&#8243;]Peu importe que vous gagniez ou perdiez, dans ces comp\u00e9titions, l&#8217;important est d&#8217;essayer de faire de son mieux ! Lors du <strong>WonderJam<\/strong> organis\u00e9 par <strong>l&#8217;UQAC<\/strong> (Universit\u00e9 du Qu\u00e9bec \u00e0 Chicoutimi), les membres de l&#8217;\u00e9quipe <strong>Squad4<\/strong> et moi-m\u00eame avons cr\u00e9\u00e9 le jeu <strong>Four For Fort<\/strong>, \u00e0 travers lequel nous jouons en multijoueur avec son \u00e9quipe contre ses adversaires et dont l&#8217;objectif est de terminer les obstacles le plus rapidement possible. Une fois la ligne d&#8217;arriv\u00e9e franchie, le jeu se termine et l&#8217;\u00e9quipe est d\u00e9clar\u00e9e gagnante. Vous pouvez suivre en direct la position des joueurs adverses pour \u00e9valuer votre propre position.[\/vc_column_text][\/vc_column][vc_column width=&#8221;1\/3&#8243; css=&#8221;{&#8220;mobile_portrait&#8220;: {&#8220;margin-top&#8220;: &#8220;35&#8220;,&#8220;undefined&#8220;: &#8220;Effacer&#8220;},&#8220;mobile_landscape&#8220;: {&#8220;undefined&#8220;: &#8220;Effacer&#8220;},&#8220;tablet_portrait&#8220;: {&#8220;undefined&#8220;: &#8220;Effacer&#8220;},&#8220;tablet_landscape&#8220;: {&#8220;undefined&#8220;: &#8220;Effacer&#8220;},&#8220;desktop&#8220;: {&#8220;undefined&#8220;: &#8220;Effacer&#8220;}}&#8221;][vc_single_image image=&#8221;2636&#8243; img_size=&#8221;full&#8221;][\/vc_column][\/vc_row][vc_row][vc_column width=&#8221;1\/3&#8243; css=&#8221;{&#8220;mobile_portrait&#8220;: {&#8220;margin-top&#8220;: &#8220;55&#8220;,&#8220;undefined&#8220;: &#8220;Effacer&#8220;},&#8220;mobile_landscape&#8220;: {&#8220;undefined&#8220;: &#8220;Effacer&#8220;},&#8220;tablet_portrait&#8220;: {&#8220;undefined&#8220;: &#8220;Effacer&#8220;},&#8220;tablet_landscape&#8220;: {&#8220;undefined&#8220;: &#8220;Effacer&#8220;},&#8220;desktop&#8220;: {&#8220;undefined&#8220;: &#8220;Effacer&#8220;}}&#8221;][vc_single_image image=&#8221;2991&#8243; img_size=&#8221;full&#8221;][\/vc_column][vc_column width=&#8221;2\/3&#8243;]      <div class=\"heading-block heading-5e1773a95f523 tal h-h2\">\n                  <h2 class=\"h\">Comment y parvenir en un temps limit\u00e9 ?<\/h2>\n              <\/div>\n    [vc_column_text uniqid=&#8221;5e1775c1fa0e8&#8243;]Pour r\u00e9aliser un match en 48 heures dans une \u00e9quipe, il faut de l&#8217;organisation, de la gestion des t\u00e2ches et du temps. Bien que la concurrence soit forte, il est important de surmonter ce probl\u00e8me en partageant un \u00e9tat d&#8217;entraide et de collaboration. Si vous avez cet \u00e9tat d&#8217;esprit, vous \u00eates fait pour travailler en \u00e9quipe !<\/p>\n<p>Le but est ici de profiter du moment avec votre groupe et vos amis, et peu importe le moment, que vous soyez devant ou derri\u00e8re les autres, le stress se fera sentir sur votre travail et donc sur l&#8217;ensemble du jeu.[\/vc_column_text][\/vc_column][\/vc_row][vc_row][vc_column]      <div class=\"heading-block heading-5e1777b8028de with-decor-block tal h-h2\">\n                  <h2 class=\"h\">Quels sont les prochains projets ?<\/h2>\n              <\/div>\n    [\/vc_column][\/vc_row][vc_row][vc_column width=&#8221;1\/2&#8243;][vc_single_image image=&#8221;2996&#8243; img_size=&#8221;large&#8221;][\/vc_column][vc_column width=&#8221;1\/2&#8243;][vc_column_text uniqid=&#8221;5e1793466fee5&#8243;]Il s&#8217;agit de s&#8217;am\u00e9liorer, de devenir de plus en plus efficace tout en gardant une <strong>coh\u00e9sion<\/strong> de groupe serr\u00e9e et de r\u00e9ussir \u00e0 faire figurer notre nom parmi les <strong>finalistes<\/strong> ! Notre studio \u00e9tant lanc\u00e9, le but est de rivaliser avec un grand nombre de <strong>Jams<\/strong> afin de produire un grand nombre de jeux tout en am\u00e9liorant la <strong>qualit\u00e9<\/strong> <strong>des<\/strong> <strong>rendus finaux<\/strong>.[\/vc_column_text][vc_message message_box_style=&#8221;outline&#8221; style=&#8221;square&#8221; message_box_color=&#8221;white&#8221; icon_fontawesome=&#8221;fab fa-safari&#8221;]Nos participations aux Gamejams sont annonc\u00e9s sur nos r\u00e9seaux sociaux Facebook et Twitter.[\/vc_message][\/vc_column][\/vc_row][vc_row][vc_column width=&#8221;1\/2&#8243;]      <div class=\"heading-block heading-5e178accc4cb9 with-decor-block tal h-h2  wpb_animate_when_almost_visible wpb_left-to-right left-to-right\">\n                  <h2 class=\"h\">WonderJam - UQAC 2019<\/h2>\n              <\/div>\n    [vc_column_text uniqid=&#8221;5e178badbf965&#8243;]Lors de la session d&#8217;hiver 2019, nous avons particip\u00e9 au <strong>WonderJam<\/strong> de l&#8217;UQAC dont le th\u00e8me \u00e9tait &#8220;l<strong>a pression<\/strong>&#8220;. Nous avons donc choisi de cr\u00e9er un jeu <strong>multijoueur comp\u00e9titif<\/strong> dans lequel deux \u00e9quipes s&#8217;affrontent pour terminer le parcours du combattant le plus rapidement possible. <strong>Four for Fort<\/strong> est un jeu qui n\u00e9cessite 4 joueurs et se joue en 2vs2, il demande un fort esprit d&#8217;\u00e9quipe et une bonne r\u00e9sistance \u00e0 la pression de jouer <strong>contre<\/strong> l&#8217;\u00e9quipe adverse.[\/vc_column_text]    <div class=\"banner-area banner-area-69dee2ecc5c2e\">\n      <div class=\"banner-slider swiper-container  \">\n                  <div class=\"bottom-content\">\n            <div class=\"container\">\n              <div class=\"slider-nav\">\n                                  <div class=\"banner-pagination style1\">\n                  <\/div>\n                              <\/div>\n            <\/div>\n          <\/div>\n                <div class=\"swiper-wrapper\">\n              <div class=\"swiper-slide\">\n      <div class=\"banner-item banner-item-69dee2ecc5c91 tal\">\n        \n    \n    <div class=\"bg-overlay\">                        <div class=\"image\" style=\"background-image: url(https:\/\/wallskors.com\/gamedev\/wp-content\/uploads\/2020\/09\/40398443283_d026789369_c.jpg)\"><\/div>\n                  <\/div>        <div class=\"container\">\n          <div class=\"row fixed-height\" style=\"min-height: 500px;\">\n                        <div class=\"col-auto\">\n                          <\/div>\n          <\/div>\n        <\/div>\n      <\/div>\n    <\/div>\n        <div class=\"swiper-slide\">\n      <div class=\"banner-item banner-item-5f6ab914a99af tal\">\n        \n    \n    <div class=\"bg-overlay\">                        <div class=\"image\" style=\"background-image: url(https:\/\/wallskors.com\/gamedev\/wp-content\/uploads\/2020\/09\/53399736_2155584211197584_7063125064606023680_o.jpg)\"><\/div>\n                  <\/div>        <div class=\"container\">\n          <div class=\"row fixed-height\" style=\"min-height: 500px;\">\n                        <div class=\"col-auto\">\n                          <\/div>\n          <\/div>\n        <\/div>\n      <\/div>\n    <\/div>\n        <div class=\"swiper-slide\">\n      <div class=\"banner-item banner-item-5f6ab8fa0d54a tal\">\n        \n    \n    <div class=\"bg-overlay\">                        <div class=\"image\" style=\"background-image: url(https:\/\/wallskors.com\/gamedev\/wp-content\/uploads\/2020\/09\/46640693644_dae7430529_c.jpg)\"><\/div>\n                  <\/div>        <div class=\"container\">\n          <div class=\"row fixed-height\" style=\"min-height: 500px;\">\n                        <div class=\"col-auto\">\n                          <\/div>\n          <\/div>\n        <\/div>\n      <\/div>\n    <\/div>\n        <div class=\"swiper-slide\">\n      <div class=\"banner-item banner-item-5f6ab8dcf6685 tal\">\n        \n    \n    <div class=\"bg-overlay\">                        <div class=\"image\" style=\"background-image: url(https:\/\/wallskors.com\/gamedev\/wp-content\/uploads\/2020\/09\/46448938995_c796714cc0_c.jpg)\"><\/div>\n                  <\/div>        <div class=\"container\">\n          <div class=\"row fixed-height\" style=\"min-height: 500px;\">\n                        <div class=\"col-auto\">\n                          <\/div>\n          <\/div>\n        <\/div>\n      <\/div>\n    <\/div>\n        <div class=\"swiper-slide\">\n      <div class=\"banner-item banner-item-5f6ab8a510922 tal\">\n        \n    \n    <div class=\"bg-overlay\">                        <div class=\"image\" style=\"background-image: url(https:\/\/wallskors.com\/gamedev\/wp-content\/uploads\/2020\/09\/40398369323_0b097d2323_c.jpg)\"><\/div>\n                  <\/div>        <div class=\"container\">\n          <div class=\"row fixed-height\" style=\"min-height: 500px;\">\n                        <div class=\"col-auto\">\n                          <\/div>\n          <\/div>\n        <\/div>\n      <\/div>\n    <\/div>\n            <\/div>\n      <\/div>\n    <\/div>\n\n    [\/vc_column][vc_column width=&#8221;1\/2&#8243;][vc_single_image image=&#8221;2995&#8243; img_size=&#8221;full&#8221;][vc_row_inner][vc_column_inner width=&#8221;1\/2&#8243;][vc_single_image image=&#8221;2999&#8243; alignment=&#8221;center&#8221; onclick=&#8221;custom_link&#8221; css_animation=&#8221;fadeIn&#8221; link=&#8221;http:\/\/www.uqac.ca\/dim\/evenement\/wonder-jam-uqac\/&#8221;][\/vc_column_inner][vc_column_inner width=&#8221;1\/2&#8243;][vc_single_image image=&#8221;3638&#8243; img_size=&#8221;full&#8221; alignment=&#8221;center&#8221; onclick=&#8221;custom_link&#8221; img_link_target=&#8221;_blank&#8221; css_animation=&#8221;fadeIn&#8221; link=&#8221;https:\/\/www.uqac.ca&#8221;][\/vc_column_inner][\/vc_row_inner]      <div class=\"heading-block heading-5f774f0bbbd39 tal h-h3  wpb_animate_when_almost_visible wpb_right-to-left right-to-left\">\n                  <h3 class=\"h\">Poursuivre les GameJams<\/h3>\n              <\/div>\n    [vc_column_text uniqid=&#8221;5f774f160001e&#8221;]Il est dans notre perspective de continuer \u00e0 donner le meilleur de nous-m\u00eames \u00e0 travers les jeux. Si vous participez \u00e9galement \u00e0 l&#8217;une de ces comp\u00e9titions dans la r\u00e9gion de Quebec, il y a de fortes chances que vous y voyiez Wallskors Studio ![\/vc_column_text][\/vc_column][\/vc_row][vc_row][vc_column width=&#8221;1\/2&#8243;]      <div class=\"heading-block heading-5f774f357b8dd with-decor-block tal h-h4  wpb_animate_when_almost_visible wpb_left-to-right left-to-right\">\n                  <h4 class=\"h\">Esprit d'\u00e9quipe<\/h4>\n              <\/div>\n    [vc_single_image image=&#8221;3620&#8243; img_size=&#8221;full&#8221;][vc_column_text uniqid=&#8221;5f774f51dfbc8&#8243;]Lors de la session d&#8217;hiver 2020, nous avons particip\u00e9 au <strong>Global Game Jam 2020<\/strong> qui s&#8217;est d\u00e9roul\u00e9 \u00e0 <strong>Montr\u00e9al<\/strong> \u00e0 <strong>l&#8217;ETS<\/strong>. En effet, le th\u00e8me de cette session nous a permis de r\u00e9aliser un jeu amusant, avec plusieurs niveaux de difficult\u00e9 \u00e0 travers lesquels le joueur doit r\u00e9parer les serveurs avant qu&#8217;ils ne tombent en panne. Nous avons ainsi favoris\u00e9 le <strong>d\u00e9veloppement<\/strong> et <strong>l&#8217;adaptation<\/strong> de l&#8217;\u00e9quipe au go\u00fbt de chacun pour faire un jeu qui donne envie \u00e0 tout le monde de travailler dessus.[\/vc_column_text][vc_row_inner][vc_column_inner width=&#8221;1\/2&#8243;][vc_single_image image=&#8221;3001&#8243; img_size=&#8221;300&#215;100&#8243; alignment=&#8221;center&#8221; onclick=&#8221;custom_link&#8221; css_animation=&#8221;fadeIn&#8221; css=&#8221;.vc_custom_1655804699307{padding-top: 20px !important;}&#8221; link=&#8221;https:\/\/jamnation.ca&#8221;][\/vc_column_inner][vc_column_inner width=&#8221;1\/2&#8243;][vc_single_image image=&#8221;3000&#8243; img_size=&#8221;150&#215;150&#8243; alignment=&#8221;center&#8221; style=&#8221;vc_box_circle_2&#8243; onclick=&#8221;custom_link&#8221; img_link_target=&#8221;_blank&#8221; css_animation=&#8221;fadeIn&#8221; link=&#8221;http:\/\/mtlgj.org\/lang\/fr\/index.html&#8221;][\/vc_column_inner][\/vc_row_inner][\/vc_column][vc_column width=&#8221;1\/2&#8243;]      <div class=\"heading-block heading-5f774f480e8de with-decor-block tal h-h2  wpb_animate_when_almost_visible wpb_fadeInDown fadeInDown\">\n                  <h2 class=\"h\">La Global Game Jam \u00e0 Montreal<\/h2>\n              <\/div>\n    [vc_column_text uniqid=&#8221;5f774f6cc1eb2&#8243;]La Montreal Game Jam est la section montr\u00e9alaise du Global Game Jam, un \u00e9v\u00e9nement qui encourage les participants du monde entier \u00e0 cr\u00e9er un prototype de jeu vid\u00e9o bas\u00e9 sur un th\u00e8me pendant un week-end.<\/p>\n<p>C&#8217;est plus de 42 800 participants dans 108 pays qui se donnent corps et \u00e2me pour atteindre leurs objectifs et 8 606 jeux ont \u00e9t\u00e9 cr\u00e9\u00e9s l&#8217;ann\u00e9e derni\u00e8re. L&#8217;organisation du Montreal Game Jam est l&#8217;union de plusieurs universit\u00e9s et professionnels de Montr\u00e9al dont le mandat est de promouvoir l&#8217;industrie du jeu vid\u00e9o montr\u00e9alais.[\/vc_column_text]    <div class=\"banner-area banner-area-5f6a9c2b61b13\">\n      <div class=\"banner-slider swiper-container  \">\n                  <div class=\"bottom-content\">\n            <div class=\"container\">\n              <div class=\"slider-nav\">\n                                  <div class=\"banner-pagination style1\">\n                  <\/div>\n                              <\/div>\n            <\/div>\n          <\/div>\n                <div class=\"swiper-wrapper\">\n              <div class=\"swiper-slide\">\n      <div class=\"banner-item banner-item-5f6a9cc5b2587 tal\">\n        \n    \n    <div class=\"bg-overlay\">                        <div class=\"image\" style=\"background-image: url(https:\/\/wallskors.com\/gamedev\/wp-content\/uploads\/2020\/09\/85248249_3095505320482517_6619613487351988224_o.jpg)\"><\/div>\n                  <\/div>        <div class=\"container\">\n          <div class=\"row fixed-height\" style=\"min-height: 500px;\">\n                        <div class=\"col-auto\">\n                          <\/div>\n          <\/div>\n        <\/div>\n      <\/div>\n    <\/div>\n        <div class=\"swiper-slide\">\n      <div class=\"banner-item banner-item-5f6ab9755c087 tal\">\n        \n    \n    <div class=\"bg-overlay\">                        <div class=\"image\" style=\"background-image: url(https:\/\/wallskors.com\/gamedev\/wp-content\/uploads\/2020\/09\/86268531_3095509230482126_2747121778999427072_o.jpg)\"><\/div>\n                  <\/div>        <div class=\"container\">\n          <div class=\"row fixed-height\" style=\"min-height: 500px;\">\n                        <div class=\"col-auto\">\n                          <\/div>\n          <\/div>\n        <\/div>\n      <\/div>\n    <\/div>\n        <div class=\"swiper-slide\">\n      <div class=\"banner-item banner-item-5f6a9c4251cec tal\">\n        \n    \n    <div class=\"bg-overlay\">                        <div class=\"image\" style=\"background-image: url(https:\/\/wallskors.com\/gamedev\/wp-content\/uploads\/2020\/09\/84339737_2491300144312208_7697438480925720576_o.jpg)\"><\/div>\n                  <\/div>        <div class=\"container\">\n          <div class=\"row fixed-height\" style=\"min-height: 500px;\">\n                        <div class=\"col-auto\">\n                          <\/div>\n          <\/div>\n        <\/div>\n      <\/div>\n    <\/div>\n        <div class=\"swiper-slide\">\n      <div class=\"banner-item banner-item-5f6a9ca83c5aa tal\">\n        \n    \n    <div class=\"bg-overlay\">                        <div class=\"image\" style=\"background-image: url(https:\/\/wallskors.com\/gamedev\/wp-content\/uploads\/2020\/09\/85180790_3095508680482181_8234188674279931904_o.jpg)\"><\/div>\n                  <\/div>        <div class=\"container\">\n          <div class=\"row fixed-height\" style=\"min-height: 500px;\">\n                        <div class=\"col-auto\">\n                          <\/div>\n          <\/div>\n        <\/div>\n      <\/div>\n    <\/div>\n        <div class=\"swiper-slide\">\n      <div class=\"banner-item banner-item-5f6a9c7c3d54f tal\">\n        \n    \n    <div class=\"bg-overlay\">                        <div class=\"image\" style=\"background-image: url(https:\/\/wallskors.com\/gamedev\/wp-content\/uploads\/2020\/09\/83916728_2491299864312236_1477468844313280512_o.jpg)\"><\/div>\n                  <\/div>        <div class=\"container\">\n          <div class=\"row fixed-height\" style=\"min-height: 500px;\">\n                        <div class=\"col-auto\">\n                          <\/div>\n          <\/div>\n        <\/div>\n      <\/div>\n    <\/div>\n        <div class=\"swiper-slide\">\n      <div class=\"banner-item banner-item-5f6a9c97f35a5 tal\">\n        \n    \n    <div class=\"bg-overlay\">                        <div class=\"image\" style=\"background-image: url(https:\/\/wallskors.com\/gamedev\/wp-content\/uploads\/2020\/09\/facebook_1581912563317.jpg)\"><\/div>\n                  <\/div>        <div class=\"container\">\n          <div class=\"row fixed-height\" style=\"min-height: 500px;\">\n                        <div class=\"col-auto\">\n                          <\/div>\n          <\/div>\n        <\/div>\n      <\/div>\n    <\/div>\n            <\/div>\n      <\/div>\n    <\/div>\n\n    [\/vc_column][\/vc_row]<\/p>\n","protected":false},"excerpt":{"rendered":"<p>[vc_row full_width=&#8221;stretch_row_content_no_spaces&#8221;][vc_column][\/vc_column][\/vc_row][vc_row full_width=&#8221;stretch_row&#8221; css=&#8221;{&#8220;mobile_portrait&#8220;: {&#8220;undefined&#8220;: &#8220;Effacer&#8220;},&#8220;mobile_landscape&#8220;: {&#8220;undefined&#8220;: &#8220;Effacer&#8220;},&#8220;tablet_portrait&#8220;: {&#8220;undefined&#8220;: &#8220;Effacer&#8220;},&#8220;tablet_landscape&#8220;: {&#8220;undefined&#8220;: &#8220;Effacer&#8220;},&#8220;desktop&#8220;: {&#8220;undefined&#8220;: &#8220;Effacer&#8220;}}&#8221;][vc_column][\/vc_column][\/vc_row][vc_row full_width=&#8221;stretch_row&#8221; uniqid=&#8221;5e17657ec4514&#8243;][vc_column][\/vc_column][\/vc_row][vc_row][vc_column width=&#8221;2\/3&#8243;][vc_column_text uniqid=&#8221;5e176df2f4ff6&#8243;]Peu importe que vous gagniez ou perdiez, dans ces comp\u00e9titions, l&#8217;important est d&#8217;essayer de faire de son mieux ! Lors du WonderJam organis\u00e9 par l&#8217;UQAC (Universit\u00e9 du Qu\u00e9bec \u00e0 Chicoutimi), les membres de l&#8217;\u00e9quipe Squad4 et moi-m\u00eame avons [&hellip;]<\/p>\n","protected":false},"author":1,"featured_media":0,"parent":0,"menu_order":0,"comment_status":"closed","ping_status":"closed","template":"template-landing.php","meta":[],"_links":{"self":[{"href":"https:\/\/wallskors.com\/gamedev\/wp-json\/wp\/v2\/pages\/3702"}],"collection":[{"href":"https:\/\/wallskors.com\/gamedev\/wp-json\/wp\/v2\/pages"}],"about":[{"href":"https:\/\/wallskors.com\/gamedev\/wp-json\/wp\/v2\/types\/page"}],"author":[{"embeddable":true,"href":"https:\/\/wallskors.com\/gamedev\/wp-json\/wp\/v2\/users\/1"}],"replies":[{"embeddable":true,"href":"https:\/\/wallskors.com\/gamedev\/wp-json\/wp\/v2\/comments?post=3702"}],"version-history":[{"count":3,"href":"https:\/\/wallskors.com\/gamedev\/wp-json\/wp\/v2\/pages\/3702\/revisions"}],"predecessor-version":[{"id":3834,"href":"https:\/\/wallskors.com\/gamedev\/wp-json\/wp\/v2\/pages\/3702\/revisions\/3834"}],"wp:attachment":[{"href":"https:\/\/wallskors.com\/gamedev\/wp-json\/wp\/v2\/media?parent=3702"}],"curies":[{"name":"wp","href":"https:\/\/api.w.org\/{rel}","templated":true}]}}