{"id":3696,"date":"2020-10-02T07:22:15","date_gmt":"2020-10-02T14:22:15","guid":{"rendered":"https:\/\/wallskors.com\/gamedev\/?page_id=3696"},"modified":"2022-06-21T03:04:17","modified_gmt":"2022-06-21T10:04:17","slug":"events-fr","status":"publish","type":"page","link":"https:\/\/wallskors.com\/gamedev\/events-fr\/","title":{"rendered":"\u00c9v\u00e9nements"},"content":{"rendered":"<p>[vc_row full_width=&#8221;stretch_row_content_no_spaces&#8221;][vc_column]    <div class=\"banner-area banner-area-5e17616356725 with-social-links\">\n              <div class=\"social-links\">\n          <a href=\"https:\/\/github.com\/wallskors\/\" target=\"_self\"><i class=\"fab fa-github\"><\/i><\/a><a href=\"https:\/\/www.facebook.com\/wallskors\/\" target=\"_self\"><i class=\"fab fa-facebook-f\"><\/i><\/a><a href=\"https:\/\/twitter.com\/wallskors\" target=\"_self\"><i class=\"fab fa-twitter\"><\/i><\/a><a href=\"https:\/\/www.linkedin.com\/company\/51724563\/\" target=\"_self\"><i class=\"fab fa-linkedin-in\"><\/i><\/a>        <\/div>\n            <div class=\"banner-item tal\" style=\"\">\n        \n    \n    <div class=\"bg-overlay\">                        <div class=\"image\" style=\"background-image: url(https:\/\/wallskors.com\/gamedev\/wp-content\/uploads\/2020\/01\/wallhaven-g81313-scaled.jpg)\"><\/div>\n                  <\/div>        <div class=\"container\">\n          <div class=\"row fixed-height\" style=\"min-height: 500px;\">\n                        <div class=\"col-auto\">\n                              <div class=\"heading-block tal with-decor-block\">\n                                      <div class=\"h h2\">Nos \u00e9v\u00e9nements<\/div>\n                                  <\/div>\n                              <div class=\"text\">D\u00e9couvrez tous nos \u00e9v\u00e9nements, participez avec nous et surveillez les rassemblements de d\u00e9veloppeurs au Canada.<\/div>\n                          <\/div>\n          <\/div>\n        <\/div>\n      <\/div>\n    <\/div>\n    [\/vc_column][\/vc_row][vc_row css=&#8221;{&#8220;mobile_portrait&#8220;: {&#8220;margin-top&#8220;: &#8220;35&#8220;,&#8220;margin-bottom&#8220;: &#8220;35&#8220;,&#8220;undefined&#8220;: &#8220;Effacer&#8220;},&#8220;mobile_landscape&#8220;: {&#8220;undefined&#8220;: &#8220;Effacer&#8220;},&#8220;tablet_portrait&#8220;: {&#8220;undefined&#8220;: &#8220;Effacer&#8220;},&#8220;tablet_landscape&#8220;: {&#8220;undefined&#8220;: &#8220;Effacer&#8220;},&#8220;desktop&#8220;: {&#8220;undefined&#8220;: &#8220;Effacer&#8220;}}&#8221; uniqid=&#8221;5e18c70b0e2fc&#8221;][vc_column width=&#8221;1\/2&#8243;]      <div class=\"heading-block heading-5e18c6be7b42d tal h-h2  wpb_animate_when_almost_visible wpb_fadeInDown fadeInDown\">\n                  <h2 class=\"h\">D\u00e9couvrez les Sciences Num\u00e9riques<\/h2>\n              <\/div>\n    [vc_column_text css_animation=&#8221;fadeIn&#8221; uniqid=&#8221;5ea8760dded4c&#8221;]Dans chacun de nos \u00e9v\u00e9nements, nous en apprenons un peu plus. Que ce soit par le biais de conf\u00e9rences, de concours ou de simples \u00e9changes entre programmeurs.<\/p>\n<p>Wallskors Studio est d\u00e9di\u00e9 en permanence \u00e0 l&#8217;acc\u00e8s au savoir ! C&#8217;est dans cet esprit que nous nous pr\u00e9parons \u00e0 produire et \u00e0 participer \u00e0 de nombreux \u00e9v\u00e9nements au Qu\u00e9bec et dans tout le Canada.[\/vc_column_text][\/vc_column][vc_column width=&#8221;1\/2&#8243;][vc_single_image image=&#8221;3292&#8243; img_size=&#8221;full&#8221;][\/vc_column][\/vc_row][vc_row full_width=&#8221;stretch_row_content_no_spaces&#8221;][vc_column]    <div class=\"banner-area banner-area-5e18cb225e76e\">\n            <div class=\"banner-item tal\" style=\"\">\n        \n    \n    <div class=\"bg-overlay\">                        <div class=\"image\" style=\"background-image: url(https:\/\/wallskors.com\/gamedev\/wp-content\/uploads\/2020\/01\/wallhaven-5wz253-e1578679836919.jpg)\"><\/div>\n                  <\/div>        <div class=\"container\">\n          <div class=\"row fixed-height\" style=\"min-height: 700px;\">\n                        <div class=\"col-auto\">\n                              <div class=\"heading-block tal with-decor-block\">\n                                      <div class=\"h h2\">Rejoindre Wallskors Studio<\/div>\n                                  <\/div>\n                              <div class=\"text\">Simplement en participant \u00e0 des \u00e9v\u00e9nements avec nous, en \u00e9changeant des concours et des contacts ou en participant au d\u00e9veloppement de notre \u00e9quipe.<\/div>\n                              <a class=\"button-style1\" href=\"https:\/\/www.facebook.com\/wallskors\/\" target=\"_blank\" data-magic-cursor=\"link\"><span>Facebook<\/span><\/a>\n                          <\/div>\n          <\/div>\n        <\/div>\n      <\/div>\n    <\/div>\n    [\/vc_column][\/vc_row][vc_row][vc_column]      <div class=\"heading-block heading-5e18c741f1e8e tal h-h2  wpb_animate_when_almost_visible wpb_fadeInDown fadeInDown\">\n                  <h2 class=\"h\">Nous organisons des \u00e9v\u00e9nements<\/h2>\n              <\/div>\n    [\/vc_column][\/vc_row][vc_row][vc_column width=&#8221;1\/2&#8243;][vc_column_text uniqid=&#8221;5e18dde3b9514&#8243;]Dans toute cr\u00e9ation d&#8217;entreprise vient l&#8217;organisation de rencontres et d&#8217;\u00e9v\u00e9nements ! Une des raisons pour lesquelles nous aimons entreprendre est aussi de pouvoir partager avec vous ! Qu&#8217;il s&#8217;agisse de nos connaissances ou de nos hobbies ! Tous nos \u00e9v\u00e9nements qui seront annonc\u00e9s seront d\u00e9clar\u00e9s sur nos r\u00e9seaux sociaux. En informatique comme dans d&#8217;autres domaines, nous sommes curieux de voir ce qui va se passer.<\/p>\n<p>\u00c9tant bas\u00e9s au Qu\u00e9bec, nous sommes \u00e9galement en France, dans les conventions de Gamers et de D\u00e9veloppeurs en informatique, et nous esp\u00e9rons pouvoir un jour cr\u00e9er nos propres \u00e9v\u00e9nements.[\/vc_column_text][vc_single_image image=&#8221;3065&#8243; img_size=&#8221;full&#8221; alignment=&#8221;center&#8221;][\/vc_column][vc_column width=&#8221;1\/2&#8243;][vc_single_image image=&#8221;3053&#8243; img_size=&#8221;full&#8221;][\/vc_column][\/vc_row][vc_row full_width=&#8221;stretch_row_content_no_spaces&#8221;][vc_column css=&#8221;{&#8220;mobile_portrait&#8220;: {&#8220;padding-right&#8220;: &#8220;200&#8220;,&#8220;padding-left&#8220;: &#8220;200&#8220;,&#8220;undefined&#8220;: &#8220;Effacer&#8220;},&#8220;mobile_landscape&#8220;: {&#8220;undefined&#8220;: &#8220;Effacer&#8220;},&#8220;tablet_portrait&#8220;: {&#8220;undefined&#8220;: &#8220;Effacer&#8220;},&#8220;tablet_landscape&#8220;: {&#8220;undefined&#8220;: &#8220;Effacer&#8220;},&#8220;desktop&#8220;: {&#8220;undefined&#8220;: &#8220;Effacer&#8220;}}&#8221;]      <div class=\"icon-box-block icon-box-block-5e195011428b6\">\n        <div class=\"row\">\n                <div class=\" col-12 col-md-6 col-lg-4 col-xl-4\">\n        <div class=\"icon-box icon-box-style-5e19501aa38f3\">\n          <div class=\"wrap\">\n            <div class=\"icon vc_li vc_li-tv\"><\/div>\n                          <h6 class=\"title\">Live Twitch<\/h6>\n                          <div class=\"desc\">Organisation d'une communaut\u00e9 en direct autour de la cr\u00e9ation d'un jeu<\/div>\n                      <\/div>\n                  <\/div>\n      <\/div>\n          <div class=\" col-12 col-md-6 col-lg-4 col-xl-4\">\n        <div class=\"icon-box icon-box-style-5ea876be2ee17\">\n          <div class=\"wrap\">\n            <div class=\"icon vc_li vc_li-megaphone\"><\/div>\n                          <h6 class=\"title\">\u00c9v\u00e9nements Fran\u00e7ais<\/h6>\n                          <div class=\"desc\">Organisation de rencontres entre les d\u00e9veloppeurs et les joueurs<\/div>\n                      <\/div>\n                  <\/div>\n      <\/div>\n          <div class=\" col-12 col-md-6 col-lg-4 col-xl-4\">\n        <div class=\"icon-box icon-box-style-5ede63d85f5a8\">\n          <div class=\"wrap\">\n            <div class=\"icon fas fa-beer\"><\/div>\n                          <h6 class=\"title\">Montpellier Events<\/h6>\n                          <div class=\"desc\">Nous sommes pr\u00e9sents dans la ville de Montpellier, \u00e0 proximit\u00e9 de l'universit\u00e9 o\u00f9 le projet Wallskors Studio et ces pavillons poursuivent leurs routes ! N'h\u00e9sitez pas \u00e0 nous dire bonjour si vous passez par l\u00e0 !<\/div>\n                      <\/div>\n                  <\/div>\n      <\/div>\n            <\/div>\n      <\/div>\n    [\/vc_column][\/vc_row]<\/p>\n","protected":false},"excerpt":{"rendered":"<p>[vc_row full_width=&#8221;stretch_row_content_no_spaces&#8221;][vc_column][\/vc_column][\/vc_row][vc_row css=&#8221;{&#8220;mobile_portrait&#8220;: {&#8220;margin-top&#8220;: &#8220;35&#8220;,&#8220;margin-bottom&#8220;: &#8220;35&#8220;,&#8220;undefined&#8220;: &#8220;Effacer&#8220;},&#8220;mobile_landscape&#8220;: {&#8220;undefined&#8220;: &#8220;Effacer&#8220;},&#8220;tablet_portrait&#8220;: {&#8220;undefined&#8220;: &#8220;Effacer&#8220;},&#8220;tablet_landscape&#8220;: {&#8220;undefined&#8220;: &#8220;Effacer&#8220;},&#8220;desktop&#8220;: {&#8220;undefined&#8220;: &#8220;Effacer&#8220;}}&#8221; uniqid=&#8221;5e18c70b0e2fc&#8221;][vc_column width=&#8221;1\/2&#8243;][vc_column_text css_animation=&#8221;fadeIn&#8221; uniqid=&#8221;5ea8760dded4c&#8221;]Dans chacun de nos \u00e9v\u00e9nements, nous en apprenons un peu plus. Que ce soit par le biais de conf\u00e9rences, de concours ou de simples \u00e9changes entre programmeurs. Wallskors Studio est d\u00e9di\u00e9 en permanence \u00e0 l&#8217;acc\u00e8s au savoir [&hellip;]<\/p>\n","protected":false},"author":1,"featured_media":0,"parent":0,"menu_order":0,"comment_status":"closed","ping_status":"closed","template":"template-landing.php","meta":[],"_links":{"self":[{"href":"https:\/\/wallskors.com\/gamedev\/wp-json\/wp\/v2\/pages\/3696"}],"collection":[{"href":"https:\/\/wallskors.com\/gamedev\/wp-json\/wp\/v2\/pages"}],"about":[{"href":"https:\/\/wallskors.com\/gamedev\/wp-json\/wp\/v2\/types\/page"}],"author":[{"embeddable":true,"href":"https:\/\/wallskors.com\/gamedev\/wp-json\/wp\/v2\/users\/1"}],"replies":[{"embeddable":true,"href":"https:\/\/wallskors.com\/gamedev\/wp-json\/wp\/v2\/comments?post=3696"}],"version-history":[{"count":7,"href":"https:\/\/wallskors.com\/gamedev\/wp-json\/wp\/v2\/pages\/3696\/revisions"}],"predecessor-version":[{"id":3839,"href":"https:\/\/wallskors.com\/gamedev\/wp-json\/wp\/v2\/pages\/3696\/revisions\/3839"}],"wp:attachment":[{"href":"https:\/\/wallskors.com\/gamedev\/wp-json\/wp\/v2\/media?parent=3696"}],"curies":[{"name":"wp","href":"https:\/\/api.w.org\/{rel}","templated":true}]}}