{"id":2974,"date":"2020-01-09T11:20:14","date_gmt":"2020-01-09T16:20:14","guid":{"rendered":"https:\/\/wallskors.com\/gamedev\/?page_id=2974"},"modified":"2020-09-22T18:37:46","modified_gmt":"2020-09-23T01:37:46","slug":"gamejams","status":"publish","type":"page","link":"https:\/\/wallskors.com\/gamedev\/en\/gamejams\/","title":{"rendered":"GameJams"},"content":{"rendered":"<p>[vc_row full_width=&#8221;stretch_row_content_no_spaces&#8221;][vc_column]    <div class=\"banner-area banner-area-5e176018e5dfc with-social-links\">\n              <div class=\"social-links\">\n          <a href=\"https:\/\/github.com\/wallskors\/\" target=\"_self\"><i class=\"fab fa-github\"><\/i><\/a><a href=\"https:\/\/www.facebook.com\/wallskors\/\" target=\"_self\"><i class=\"fab fa-facebook-f\"><\/i><\/a><a href=\"https:\/\/twitter.com\/wallskors\" target=\"_self\"><i class=\"fab fa-twitter\"><\/i><\/a><a href=\"https:\/\/www.linkedin.com\/company\/51724563\/\" target=\"_self\"><i class=\"fab fa-linkedin-in\"><\/i><\/a>        <\/div>\n            <div class=\"banner-item tal\" style=\"\">\n        \n    \n    <div class=\"bg-overlay\">                        <div class=\"image\" style=\"background-image: url(https:\/\/wallskors.com\/gamedev\/wp-content\/uploads\/2020\/09\/wallhaven-j5x3gp.jpg)\"><\/div>\n                  <\/div>        <div class=\"container\">\n          <div class=\"row fixed-height\" style=\"min-height: 500px;\">\n                        <div class=\"col-auto\">\n                              <div class=\"heading-block tal with-decor-block\">\n                                      <div class=\"h h2\">GameJams<\/div>\n                                  <\/div>\n                              <div class=\"text\">Follow and discover our video game creation competitions ! Share your suggestions or join our team of developers during competitions.<\/div>\n                          <\/div>\n          <\/div>\n        <\/div>\n      <\/div>\n    <\/div>\n    [\/vc_column][\/vc_row][vc_row full_width=&#8221;stretch_row&#8221; css=&#8221;{&#8220;mobile_portrait&#8220;: {&#8220;undefined&#8220;: &#8220;Effacer&#8220;},&#8220;mobile_landscape&#8220;: {&#8220;undefined&#8220;: &#8220;Effacer&#8220;},&#8220;tablet_portrait&#8220;: {&#8220;undefined&#8220;: &#8220;Effacer&#8220;},&#8220;tablet_landscape&#8220;: {&#8220;undefined&#8220;: &#8220;Effacer&#8220;},&#8220;desktop&#8220;: {&#8220;undefined&#8220;: &#8220;Effacer&#8220;}}&#8221;][vc_column]      <div class=\"heading-block heading-5e176c30a0339 tal h-h2\">\n                  <h2 class=\"h\">What are the reasons for participating to a GameJam ?<\/h2>\n              <\/div>\n    [\/vc_column][\/vc_row][vc_row full_width=&#8221;stretch_row&#8221; uniqid=&#8221;5e17657ec4514&#8243;][vc_column]      <div class=\"icon-box-block icon-box-block-5e1766087e4d6\">\n        <div class=\"row\">\n                <div class=\" col-12 col-md-4\">\n        <div class=\"icon-box icon-box-style-5e176619522d8\">\n          <div class=\"wrap\">\n            <div class=\"icon vc-material vc-material-terrain\"><\/div>\n                          <h6 class=\"title\">GameJams<\/h6>\n                          <div class=\"desc\">The advantages of a game development competition are that there is a lot to learn in a short period of time. It's an opportunity to use your skills and be able to adapt them to any situation.<\/div>\n                      <\/div>\n                  <\/div>\n      <\/div>\n          <div class=\" col-12 col-md-4\">\n        <div class=\"icon-box icon-box-style-5e1768eb34125 primary\">\n          <div class=\"wrap\">\n            <div class=\"icon entypo-icon entypo-icon-code\"><\/div>\n                          <h6 class=\"title\">Knowing how to code<\/h6>\n                          <div class=\"desc\">This is a good way to learn how to make your projects a reality and how to communicate as a team. Everyone finds their role here, whether they are an artist, programmer or other ! It also means forcing yourself to create a video game in 48 hours under a theme that is always different from the previous one.<\/div>\n                      <\/div>\n                  <\/div>\n      <\/div>\n          <div class=\" col-12 col-md-4\">\n        <div class=\"icon-box icon-box-style-5e17669a4641a\">\n          <div class=\"wrap\">\n            <div class=\"icon entypo-icon entypo-icon-user-add\"><\/div>\n                          <h6 class=\"title\">To expand your network<\/h6>\n                          <div class=\"desc\">During GameJams, we take the opportunity to learn from others as well and get to know each other as programmers and artists.<\/div>\n                      <\/div>\n                  <\/div>\n      <\/div>\n            <\/div>\n      <\/div>\n    [\/vc_column][\/vc_row][vc_row][vc_column width=&#8221;2\/3&#8243;]      <div class=\"heading-block heading-5e176ddd3e488 tal h-h2\">\n                  <h2 class=\"h\">Something to learn, whatever the platform (Unreal \/ Unity)<\/h2>\n              <\/div>\n    [vc_column_text uniqid=&#8221;5e176df2f4ff6&#8243;]It doesn&#8217;t matter if you win or lose, in these competitions, the important thing is to try and do your best ! During the <strong>WonderJam<\/strong> organized by <strong>UQAC<\/strong> (Universit\u00e9 du Qu\u00e9bec \u00e0 Chicoutimi), the members of the <strong>Squad4<\/strong> team and myself created the game <strong>Four For Fort<\/strong>, through which we play in multiplayer with his team against his opponents and whose objective is to finish the obstacles as quickly as possible. Once the finish line is done, the game ends and the team is declared the winner. You can follow in live the position of the opposing players to evaluate your own position.[\/vc_column_text][\/vc_column][vc_column width=&#8221;1\/3&#8243; css=&#8221;{&#8220;mobile_portrait&#8220;: {&#8220;margin-top&#8220;: &#8220;35&#8220;,&#8220;undefined&#8220;: &#8220;Effacer&#8220;},&#8220;mobile_landscape&#8220;: {&#8220;undefined&#8220;: &#8220;Effacer&#8220;},&#8220;tablet_portrait&#8220;: {&#8220;undefined&#8220;: &#8220;Effacer&#8220;},&#8220;tablet_landscape&#8220;: {&#8220;undefined&#8220;: &#8220;Effacer&#8220;},&#8220;desktop&#8220;: {&#8220;undefined&#8220;: &#8220;Effacer&#8220;}}&#8221;][vc_single_image image=&#8221;2636&#8243; img_size=&#8221;full&#8221;][\/vc_column][\/vc_row][vc_row][vc_column width=&#8221;1\/3&#8243; css=&#8221;{&#8220;mobile_portrait&#8220;: {&#8220;margin-top&#8220;: &#8220;55&#8220;,&#8220;undefined&#8220;: &#8220;Effacer&#8220;},&#8220;mobile_landscape&#8220;: {&#8220;undefined&#8220;: &#8220;Effacer&#8220;},&#8220;tablet_portrait&#8220;: {&#8220;undefined&#8220;: &#8220;Effacer&#8220;},&#8220;tablet_landscape&#8220;: {&#8220;undefined&#8220;: &#8220;Effacer&#8220;},&#8220;desktop&#8220;: {&#8220;undefined&#8220;: &#8220;Effacer&#8220;}}&#8221;][vc_single_image image=&#8221;2991&#8243; img_size=&#8221;full&#8221;][\/vc_column][vc_column width=&#8221;2\/3&#8243;]      <div class=\"heading-block heading-5e1773a95f523 tal h-h2\">\n                  <h2 class=\"h\">How to achieve this in a limited amount of time ?<\/h2>\n              <\/div>\n    [vc_column_text uniqid=&#8221;5e1775c1fa0e8&#8243;]To achieve a game in 48 hours in a team, you need organization, task management and time management. Although the competition is high, it is important to overcome this problem by sharing a state of mutual aid and collaboration. If you have this state of mind, you are made to work as a team!<\/p>\n<p>The goal here is to enjoy the moment with your group and friends, and no matter the timing, whether you are ahead or behind the others, stress will be felt on your work and therefore on the whole game.[\/vc_column_text][\/vc_column][\/vc_row][vc_row][vc_column]      <div class=\"heading-block heading-5e1777b8028de with-decor-block tal h-h2\">\n                  <h2 class=\"h\">What are the next plans ?<\/h2>\n              <\/div>\n    [\/vc_column][\/vc_row][vc_row][vc_column width=&#8221;1\/2&#8243;][vc_single_image image=&#8221;2996&#8243; img_size=&#8221;large&#8221;][\/vc_column][vc_column width=&#8221;1\/2&#8243;][vc_column_text uniqid=&#8221;5e1793466fee5&#8243;]The plans is to <strong>improve<\/strong>, become more and more efficient while keeping a tight group cohesion and manage to get our name in the <strong>finalists <\/strong>! Our <strong>studio<\/strong> being launched, the goal is to compete with a large number of <strong>Jams<\/strong> in order to produce a large number of <strong>games<\/strong> while improving on the <strong>quality<\/strong> of the final renderings.[\/vc_column_text][vc_message message_box_style=&#8221;outline&#8221; style=&#8221;square&#8221; message_box_color=&#8221;white&#8221; icon_fontawesome=&#8221;fab fa-safari&#8221;]Our GameJams participations are announced on our Faceboook &amp; Twitter[\/vc_message][\/vc_column][\/vc_row][vc_row][vc_column width=&#8221;1\/2&#8243;]      <div class=\"heading-block heading-5e178accc4cb9 with-decor-block tal h-h2  wpb_animate_when_almost_visible wpb_left-to-right left-to-right\">\n                  <h2 class=\"h\">WonderJam - UQAC 2019<\/h2>\n              <\/div>\n    [vc_column_text uniqid=&#8221;5e178badbf965&#8243;]During the 2019 winter session, we participated in UQAC&#8217;s WonderJam whose theme was &#8220;pressure&#8221;. We therefore chose to create a competitive multiplayer game in which two teams compete against each other to finish the fighter&#8217;s course as quickly as possible. Four for Fort is a game that requires 4 players and is played in 2vs2, it requires a strong team spirit and a good resistance to the pressure of playing against the opposing team.[\/vc_column_text]    <div class=\"banner-area banner-area-69defcadb1b81\">\n      <div class=\"banner-slider swiper-container  \">\n                  <div class=\"bottom-content\">\n            <div class=\"container\">\n              <div class=\"slider-nav\">\n                                  <div class=\"banner-pagination style1\">\n                  <\/div>\n                              <\/div>\n            <\/div>\n          <\/div>\n                <div class=\"swiper-wrapper\">\n              <div class=\"swiper-slide\">\n      <div class=\"banner-item banner-item-69defcadb1bd4 tal\">\n        \n    \n    <div class=\"bg-overlay\">                        <div class=\"image\" style=\"background-image: url(https:\/\/wallskors.com\/gamedev\/wp-content\/uploads\/2020\/09\/40398443283_d026789369_c.jpg)\"><\/div>\n                  <\/div>        <div class=\"container\">\n          <div class=\"row fixed-height\" style=\"min-height: 500px;\">\n                        <div class=\"col-auto\">\n                          <\/div>\n          <\/div>\n        <\/div>\n      <\/div>\n    <\/div>\n        <div class=\"swiper-slide\">\n      <div class=\"banner-item banner-item-5f6ab914a99af tal\">\n        \n    \n    <div class=\"bg-overlay\">                        <div class=\"image\" style=\"background-image: url(https:\/\/wallskors.com\/gamedev\/wp-content\/uploads\/2020\/09\/53399736_2155584211197584_7063125064606023680_o.jpg)\"><\/div>\n                  <\/div>        <div class=\"container\">\n          <div class=\"row fixed-height\" style=\"min-height: 500px;\">\n                        <div class=\"col-auto\">\n                          <\/div>\n          <\/div>\n        <\/div>\n      <\/div>\n    <\/div>\n        <div class=\"swiper-slide\">\n      <div class=\"banner-item banner-item-5f6ab8fa0d54a tal\">\n        \n    \n    <div class=\"bg-overlay\">                        <div class=\"image\" style=\"background-image: url(https:\/\/wallskors.com\/gamedev\/wp-content\/uploads\/2020\/09\/46640693644_dae7430529_c.jpg)\"><\/div>\n                  <\/div>        <div class=\"container\">\n          <div class=\"row fixed-height\" style=\"min-height: 500px;\">\n                        <div class=\"col-auto\">\n                          <\/div>\n          <\/div>\n        <\/div>\n      <\/div>\n    <\/div>\n        <div class=\"swiper-slide\">\n      <div class=\"banner-item banner-item-5f6ab8dcf6685 tal\">\n        \n    \n    <div class=\"bg-overlay\">                        <div class=\"image\" style=\"background-image: url(https:\/\/wallskors.com\/gamedev\/wp-content\/uploads\/2020\/09\/46448938995_c796714cc0_c.jpg)\"><\/div>\n                  <\/div>        <div class=\"container\">\n          <div class=\"row fixed-height\" style=\"min-height: 500px;\">\n                        <div class=\"col-auto\">\n                          <\/div>\n          <\/div>\n        <\/div>\n      <\/div>\n    <\/div>\n        <div class=\"swiper-slide\">\n      <div class=\"banner-item banner-item-5f6ab8a510922 tal\">\n        \n    \n    <div class=\"bg-overlay\">                        <div class=\"image\" style=\"background-image: url(https:\/\/wallskors.com\/gamedev\/wp-content\/uploads\/2020\/09\/40398369323_0b097d2323_c.jpg)\"><\/div>\n                  <\/div>        <div class=\"container\">\n          <div class=\"row fixed-height\" style=\"min-height: 500px;\">\n                        <div class=\"col-auto\">\n                          <\/div>\n          <\/div>\n        <\/div>\n      <\/div>\n    <\/div>\n            <\/div>\n      <\/div>\n    <\/div>\n\n    [\/vc_column][vc_column width=&#8221;1\/2&#8243;][vc_single_image image=&#8221;2995&#8243; img_size=&#8221;full&#8221;][vc_row_inner][vc_column_inner width=&#8221;1\/2&#8243;][vc_single_image image=&#8221;2999&#8243; alignment=&#8221;center&#8221; onclick=&#8221;custom_link&#8221; css_animation=&#8221;fadeIn&#8221; link=&#8221;http:\/\/www.uqac.ca\/dim\/evenement\/wonder-jam-uqac\/&#8221;][\/vc_column_inner][vc_column_inner width=&#8221;1\/2&#8243;][vc_single_image image=&#8221;3638&#8243; img_size=&#8221;full&#8221; alignment=&#8221;center&#8221; onclick=&#8221;custom_link&#8221; img_link_target=&#8221;_blank&#8221; css_animation=&#8221;fadeIn&#8221; link=&#8221;https:\/\/www.uqac.ca&#8221;][\/vc_column_inner][\/vc_row_inner]      <div class=\"heading-block heading-69defcadb2d15 tal h-h3  wpb_animate_when_almost_visible wpb_right-to-left right-to-left\">\n                  <h3 class=\"h\">Continuing the GameJams<\/h3>\n              <\/div>\n    [vc_column_text]It is in our perspective to continue to give the best of ourselves through <strong>gamejams<\/strong>. If you&#8217;re also participating in one of these competitions in the <strong>British Columbia<\/strong> area, chances are you&#8217;ll see <strong>Wallskors Studio<\/strong> there ![\/vc_column_text][\/vc_column][\/vc_row][vc_row][vc_column width=&#8221;1\/2&#8243;]      <div class=\"heading-block heading-69defcadb2d46 with-decor-block tal h-h4  wpb_animate_when_almost_visible wpb_left-to-right left-to-right\">\n                  <h4 class=\"h\">Team Building<\/h4>\n              <\/div>\n    [vc_single_image image=&#8221;3620&#8243; img_size=&#8221;full&#8221;][vc_column_text]During the winter 2020 session, we participated in the Global Game Jam 2020 that took place in Montreal at the ETS. Indeed, the theme of this session allowed us to make a fun game, with several levels of difficulty through which the player must repair servers before they fail. In this way, we promoted team development and adaptation to everyone&#8217;s taste to make a game that makes everyone want to work on it.[\/vc_column_text][vc_row_inner][vc_column_inner width=&#8221;1\/2&#8243;][vc_single_image image=&#8221;3001&#8243; img_size=&#8221;300&#215;100&#8243; alignment=&#8221;center&#8221; onclick=&#8221;custom_link&#8221; css_animation=&#8221;fadeIn&#8221; css=&#8221;.vc_custom_1600821849436{padding-top: 20px !important;}&#8221; link=&#8221;https:\/\/jamnation.ca&#8221;][\/vc_column_inner][vc_column_inner width=&#8221;1\/2&#8243;][vc_single_image image=&#8221;3000&#8243; img_size=&#8221;150&#215;150&#8243; alignment=&#8221;center&#8221; style=&#8221;vc_box_circle_2&#8243; onclick=&#8221;custom_link&#8221; img_link_target=&#8221;_blank&#8221; css_animation=&#8221;fadeIn&#8221; link=&#8221;http:\/\/mtlgj.org\/lang\/fr\/index.html&#8221;][\/vc_column_inner][\/vc_row_inner][\/vc_column][vc_column width=&#8221;1\/2&#8243;]      <div class=\"heading-block heading-69defcadb2d75 with-decor-block tal h-h2  wpb_animate_when_almost_visible wpb_fadeInDown fadeInDown\">\n                  <h2 class=\"h\">The Global Game Jam in Montreal<\/h2>\n              <\/div>\n    [vc_column_text]<\/p>\n<p class=\"text-justify\">The Montreal Game Jam is the Montreal chapter for the Global Game Jam.This event encourages participants from all over the world to create a video game prototype based on a theme over the course of a weekend.<\/p>\n<p class=\"text-justify\">It\u2019s more than 42 800 participants in 108 countries giving body and soul to complete their objectives and 8 606 games were created last year. The organization of the Montreal Game Jam is the union of multiple universities and professionals from Montreal whose mandate is to promote Montreal video game industry.<\/p>\n<p>[\/vc_column_text]    <div class=\"banner-area banner-area-5f6a9c2b61b13\">\n      <div class=\"banner-slider swiper-container  \">\n                  <div class=\"bottom-content\">\n            <div class=\"container\">\n              <div class=\"slider-nav\">\n                                  <div class=\"banner-pagination style1\">\n                  <\/div>\n                              <\/div>\n            <\/div>\n          <\/div>\n                <div class=\"swiper-wrapper\">\n              <div class=\"swiper-slide\">\n      <div class=\"banner-item banner-item-5f6a9cc5b2587 tal\">\n        \n    \n    <div class=\"bg-overlay\">                        <div class=\"image\" style=\"background-image: url(https:\/\/wallskors.com\/gamedev\/wp-content\/uploads\/2020\/09\/85248249_3095505320482517_6619613487351988224_o.jpg)\"><\/div>\n                  <\/div>        <div class=\"container\">\n          <div class=\"row fixed-height\" style=\"min-height: 500px;\">\n                        <div class=\"col-auto\">\n                          <\/div>\n          <\/div>\n        <\/div>\n      <\/div>\n    <\/div>\n        <div class=\"swiper-slide\">\n      <div class=\"banner-item banner-item-5f6ab9755c087 tal\">\n        \n    \n    <div class=\"bg-overlay\">                        <div class=\"image\" style=\"background-image: url(https:\/\/wallskors.com\/gamedev\/wp-content\/uploads\/2020\/09\/86268531_3095509230482126_2747121778999427072_o.jpg)\"><\/div>\n                  <\/div>        <div class=\"container\">\n          <div class=\"row fixed-height\" style=\"min-height: 500px;\">\n                        <div class=\"col-auto\">\n                          <\/div>\n          <\/div>\n        <\/div>\n      <\/div>\n    <\/div>\n        <div class=\"swiper-slide\">\n      <div class=\"banner-item banner-item-5f6a9c4251cec tal\">\n        \n    \n    <div class=\"bg-overlay\">                        <div class=\"image\" style=\"background-image: url(https:\/\/wallskors.com\/gamedev\/wp-content\/uploads\/2020\/09\/84339737_2491300144312208_7697438480925720576_o.jpg)\"><\/div>\n                  <\/div>        <div class=\"container\">\n          <div class=\"row fixed-height\" style=\"min-height: 500px;\">\n                        <div class=\"col-auto\">\n                          <\/div>\n          <\/div>\n        <\/div>\n      <\/div>\n    <\/div>\n        <div class=\"swiper-slide\">\n      <div class=\"banner-item banner-item-5f6a9ca83c5aa tal\">\n        \n    \n    <div class=\"bg-overlay\">                        <div class=\"image\" style=\"background-image: url(https:\/\/wallskors.com\/gamedev\/wp-content\/uploads\/2020\/09\/85180790_3095508680482181_8234188674279931904_o.jpg)\"><\/div>\n                  <\/div>        <div class=\"container\">\n          <div class=\"row fixed-height\" style=\"min-height: 500px;\">\n                        <div class=\"col-auto\">\n                          <\/div>\n          <\/div>\n        <\/div>\n      <\/div>\n    <\/div>\n        <div class=\"swiper-slide\">\n      <div class=\"banner-item banner-item-5f6a9c7c3d54f tal\">\n        \n    \n    <div class=\"bg-overlay\">                        <div class=\"image\" style=\"background-image: url(https:\/\/wallskors.com\/gamedev\/wp-content\/uploads\/2020\/09\/83916728_2491299864312236_1477468844313280512_o.jpg)\"><\/div>\n                  <\/div>        <div class=\"container\">\n          <div class=\"row fixed-height\" style=\"min-height: 500px;\">\n                        <div class=\"col-auto\">\n                          <\/div>\n          <\/div>\n        <\/div>\n      <\/div>\n    <\/div>\n        <div class=\"swiper-slide\">\n      <div class=\"banner-item banner-item-5f6a9c97f35a5 tal\">\n        \n    \n    <div class=\"bg-overlay\">                        <div class=\"image\" style=\"background-image: url(https:\/\/wallskors.com\/gamedev\/wp-content\/uploads\/2020\/09\/facebook_1581912563317.jpg)\"><\/div>\n                  <\/div>        <div class=\"container\">\n          <div class=\"row fixed-height\" style=\"min-height: 500px;\">\n                        <div class=\"col-auto\">\n                          <\/div>\n          <\/div>\n        <\/div>\n      <\/div>\n    <\/div>\n            <\/div>\n      <\/div>\n    <\/div>\n\n    [\/vc_column][\/vc_row]<\/p>\n","protected":false},"excerpt":{"rendered":"<p>[vc_row full_width=&#8221;stretch_row_content_no_spaces&#8221;][vc_column][\/vc_column][\/vc_row][vc_row full_width=&#8221;stretch_row&#8221; css=&#8221;{&#8220;mobile_portrait&#8220;: {&#8220;undefined&#8220;: &#8220;Effacer&#8220;},&#8220;mobile_landscape&#8220;: {&#8220;undefined&#8220;: &#8220;Effacer&#8220;},&#8220;tablet_portrait&#8220;: {&#8220;undefined&#8220;: &#8220;Effacer&#8220;},&#8220;tablet_landscape&#8220;: {&#8220;undefined&#8220;: &#8220;Effacer&#8220;},&#8220;desktop&#8220;: {&#8220;undefined&#8220;: &#8220;Effacer&#8220;}}&#8221;][vc_column][\/vc_column][\/vc_row][vc_row full_width=&#8221;stretch_row&#8221; uniqid=&#8221;5e17657ec4514&#8243;][vc_column][\/vc_column][\/vc_row][vc_row][vc_column width=&#8221;2\/3&#8243;][vc_column_text uniqid=&#8221;5e176df2f4ff6&#8243;]It doesn&#8217;t matter if you win or lose, in these competitions, the important thing is to try and do your best ! During the WonderJam organized by UQAC (Universit\u00e9 du Qu\u00e9bec \u00e0 Chicoutimi), the members of the Squad4 [&hellip;]<\/p>\n","protected":false},"author":1,"featured_media":0,"parent":0,"menu_order":0,"comment_status":"closed","ping_status":"closed","template":"template-landing.php","meta":[],"_links":{"self":[{"href":"https:\/\/wallskors.com\/gamedev\/wp-json\/wp\/v2\/pages\/2974"}],"collection":[{"href":"https:\/\/wallskors.com\/gamedev\/wp-json\/wp\/v2\/pages"}],"about":[{"href":"https:\/\/wallskors.com\/gamedev\/wp-json\/wp\/v2\/types\/page"}],"author":[{"embeddable":true,"href":"https:\/\/wallskors.com\/gamedev\/wp-json\/wp\/v2\/users\/1"}],"replies":[{"embeddable":true,"href":"https:\/\/wallskors.com\/gamedev\/wp-json\/wp\/v2\/comments?post=2974"}],"version-history":[{"count":34,"href":"https:\/\/wallskors.com\/gamedev\/wp-json\/wp\/v2\/pages\/2974\/revisions"}],"predecessor-version":[{"id":3641,"href":"https:\/\/wallskors.com\/gamedev\/wp-json\/wp\/v2\/pages\/2974\/revisions\/3641"}],"wp:attachment":[{"href":"https:\/\/wallskors.com\/gamedev\/wp-json\/wp\/v2\/media?parent=2974"}],"curies":[{"name":"wp","href":"https:\/\/api.w.org\/{rel}","templated":true}]}}