{"id":2428,"date":"2019-12-17T07:45:09","date_gmt":"2019-12-17T12:45:09","guid":{"rendered":"https:\/\/wallskors.com\/gamedev\/?page_id=2428"},"modified":"2020-09-26T06:31:11","modified_gmt":"2020-09-26T13:31:11","slug":"studio","status":"publish","type":"page","link":"https:\/\/wallskors.com\/gamedev\/en\/studio\/","title":{"rendered":"The Studio"},"content":{"rendered":"<p>[vc_row full_width=&#8221;stretch_row_content_no_spaces&#8221; uniqid=&#8221;5df887aa9220a&#8221;][vc_column]    <div class=\"banner-area banner-area-5df8889db775c with-social-links\">\n              <div class=\"social-links\">\n          <a href=\"https:\/\/www.facebook.com\/wallskors\/\" target=\"_self\"><i class=\"fab fa-facebook-f\"><\/i><\/a><a href=\"https:\/\/www.linkedin.com\/company\/51724563\/\" target=\"_self\"><i class=\"fab fa-linkedin-in\"><\/i><\/a><a href=\"https:\/\/twitter.com\/wallskors\" target=\"_self\"><i class=\"fab fa-twitter\"><\/i><\/a>        <\/div>\n            <div class=\"banner-item tal\" style=\"\">\n        \n    \n    <div class=\"bg-overlay\">                        <div class=\"image\" style=\"background-image: url(https:\/\/wallskors.com\/gamedev\/wp-content\/uploads\/2020\/01\/wallhaven-6k7yxq-scaled.jpg)\"><\/div>\n                  <\/div>        <div class=\"container\">\n          <div class=\"row fixed-height\" style=\"min-height: 770px;\">\n                        <div class=\"col-auto\">\n                              <div class=\"heading-block tal with-decor-block-style2\">\n                                      <div class=\"h h2\">Passion for development,<br \/>\nis in our Studio<\/div>\n                                  <\/div>\n                              <div class=\"text\">We're introducing you to the different modes of operation of our studio, the members of the team and the events we organize.<\/div>\n                          <\/div>\n          <\/div>\n        <\/div>\n      <\/div>\n    <\/div>\n    [\/vc_column][\/vc_row][vc_row content_placement=&#8221;middle&#8221; uniqid=&#8221;5de8f1267e941&#8243; css=&#8221;{&#8220;mobile_portrait&#8220;: {&#8220;margin-top&#8220;: &#8220;130&#8220;,&#8220;margin-bottom&#8220;: &#8220;90&#8220;,&#8220;undefined&#8220;: &#8220;Clear&#8220;},&#8220;mobile_landscape&#8220;: {&#8220;undefined&#8220;: &#8220;Clear&#8220;},&#8220;tablet_portrait&#8220;: {&#8220;undefined&#8220;: &#8220;Clear&#8220;},&#8220;tablet_landscape&#8220;: {&#8220;undefined&#8220;: &#8220;Clear&#8220;},&#8220;desktop&#8220;: {&#8220;undefined&#8220;: &#8220;Clear&#8220;}}&#8221;][vc_column width=&#8221;1\/2&#8243; offset=&#8221;vc_col-lg-5&#8243; uniqid=&#8221;5de8f7db729f1&#8243;]      <div class=\"heading-block heading-5de8efdad83c5 tal h-h3\">\n                  <h3 class=\"h\">A Studio of values,<br \/>\nand team cooperation.<\/h3>\n              <\/div>\n    [vc_column_text el_class=&#8221;text-t1&#8243; uniqid=&#8221;5de8f00418494&#8243;]The idea of developing a video game development division was born in 2018 at the Universit\u00e9 du Qu\u00e9bec \u00e0 Chicoutimi. Through which we learned making video games and other computer science subjects. However, it is during the practice and the realization of games the desire to <strong>do more and share it with a growing community<\/strong> emerged.<\/p>\n<p>Thereby, Wallskors Studio is based on emerging student values, and engages respect but also fun and teamwork ! It&#8217;s because of passion that our games come to life, and the company wants to keep this in mind in each of its projects.[\/vc_column_text]      <div class=\"button-container button-5de8f05015bdf left\">\n        <a class=\"button-style2\" href=\"http:\/\/www.uqac.ca\" target=\"_blank\">\n                    <span>UQAC WebSite<\/span>\n        <\/a>\n      <\/div>\n    [\/vc_column][vc_column width=&#8221;1\/2&#8243; offset=&#8221;vc_col-lg-offset-1&#8243; uniqid=&#8221;5de8f7e73d809&#8243;][vc_single_image image=&#8221;2796&#8243; img_size=&#8221;large&#8221; alignment=&#8221;center&#8221;][\/vc_column][\/vc_row][vc_row css=&#8221;{&#8220;mobile_portrait&#8220;: {&#8220;margin-bottom&#8220;: &#8220;100&#8220;,&#8220;undefined&#8220;: &#8220;Clear&#8220;},&#8220;mobile_landscape&#8220;: {&#8220;undefined&#8220;: &#8220;Clear&#8220;},&#8220;tablet_portrait&#8220;: {&#8220;undefined&#8220;: &#8220;Clear&#8220;},&#8220;tablet_landscape&#8220;: {&#8220;undefined&#8220;: &#8220;Clear&#8220;},&#8220;desktop&#8220;: {&#8220;undefined&#8220;: &#8220;Clear&#8220;}}&#8221; uniqid=&#8221;5def75d5a7bf0&#8243;][vc_column]      <div class=\"heading-block heading-5def72e3d2dd2 tal h-h3\">\n                  <h3 class=\"h\">Our Team<\/h3>\n              <\/div>\n        <div class=\"team-block team-carousel-5f6f5095ac21f\">\n              <div class=\"nav-arrows\">\n          <div class=\"prev base-icon-back\"><\/div>\n          <div class=\"next base-icon-next-1\"><\/div>\n        <\/div>\n            <div class=\"swiper-container\">\n        <div class=\"swiper-wrapper\">\n              <div class=\"team-item swiper-slide team-item-5def6e44bcbab\">\n      <div class=\"avatar\" style=\"background-image: url(https:\/\/wallskors.com\/gamedev\/wp-content\/uploads\/2020\/01\/Hacker.jpg);\">\n                  <a class=\"link\" href=\"#\" target=\"_self\">View Profile<\/a>\n              <\/div>\n      <div class=\"bottom\">\n                <div class=\"name\">Baptiste Rpn<\/div>\n                <div class=\"social-links\"><a href=\"#\" target=\"_self\"><i class=\"base-icon-instagram-social-network-logo-of-photo-camera\"><\/i><\/a><a href=\"#\" target=\"_self\"><i class=\"fab fa-twitter\"><\/i><\/a><a href=\"#\" target=\"_self\"><i class=\"fab fa-facebook-f\"><\/i><\/a><\/div>\n      <\/div>\n    <\/div>\n        <div class=\"team-item swiper-slide team-item-5def6e906de42\">\n      <div class=\"avatar\" style=\"background-image: url(https:\/\/wallskors.com\/gamedev\/wp-content\/uploads\/2019\/12\/551686.png);\">\n                  <a class=\"link\" href=\"#\" target=\"_self\">View Profile<\/a>\n              <\/div>\n      <div class=\"bottom\">\n                <div class=\"name\">Place Available<\/div>\n                <div class=\"social-links\"><a href=\"#\" target=\"_self\"><i class=\"base-icon-instagram-social-network-logo-of-photo-camera\"><\/i><\/a><a href=\"#\" target=\"_self\"><i class=\"fab fa-twitter\"><\/i><\/a><a href=\"#\" target=\"_self\"><i class=\"fab fa-facebook-f\"><\/i><\/a><\/div>\n      <\/div>\n    <\/div>\n        <div class=\"team-item swiper-slide team-item-5def6e9a57187\">\n      <div class=\"avatar\" style=\"background-image: url(https:\/\/wallskors.com\/gamedev\/wp-content\/uploads\/2019\/12\/gabriel-punsalang-weaponized-waifu-x.jpg);\">\n                  <a class=\"link\" href=\"#\" target=\"_self\">View Profile<\/a>\n              <\/div>\n      <div class=\"bottom\">\n                <div class=\"name\">Place Available<\/div>\n                <div class=\"social-links\"><a href=\"#\" target=\"_self\"><i class=\"base-icon-instagram-social-network-logo-of-photo-camera\"><\/i><\/a><a href=\"#\" target=\"_self\"><i class=\"fab fa-twitter\"><\/i><\/a><a href=\"#\" target=\"_self\"><i class=\"fab fa-facebook-f\"><\/i><\/a><\/div>\n      <\/div>\n    <\/div>\n            <\/div>\n      <\/div>\n    <\/div>\n    [\/vc_column][\/vc_row][vc_row css=&#8221;{&#8220;mobile_portrait&#8220;: {&#8220;padding-bottom&#8220;: &#8220;55&#8220;,&#8220;undefined&#8220;: &#8220;Clear&#8220;},&#8220;mobile_landscape&#8220;: {&#8220;undefined&#8220;: &#8220;Clear&#8220;},&#8220;tablet_portrait&#8220;: {&#8220;undefined&#8220;: &#8220;Clear&#8220;},&#8220;tablet_landscape&#8220;: {&#8220;undefined&#8220;: &#8220;Clear&#8220;},&#8220;desktop&#8220;: {&#8220;undefined&#8220;: &#8220;Clear&#8220;}}&#8221; uniqid=&#8221;5df8978e2b33b&#8221;][vc_column]      <div class=\"heading-block heading-5e13ac8f51a8c tal h-h3\">\n                  <h3 class=\"h\">Join our team !<\/h3>\n              <\/div>\n          <div class=\"streams-block filter-block streams-block-5def3aabf04c6\">\n                <div class=\"load-wrap isotope\">\n              <div class=\"stream-item event-box istp-item stream-5def3aca1ae7b\">\n      <div class=\"wrap\">\n                  <div class=\"image\"><div style=\"background-image: url(https:\/\/wallskors.com\/gamedev\/wp-content\/uploads\/2020\/01\/wallhaven-kwr321.jpg);\"><\/div><\/div>\n                <div class=\"content\">\n                      <div class=\"heading\">\n              You want to make graphics in our video games (2D\/3D Artist)            <\/div>\n                  <\/div>\n      <\/div>\n              <div class=\"links\">\n                  <\/div>\n          <\/div>\n        <div class=\"stream-item event-box istp-item stream-5def3b199ea50\">\n      <div class=\"wrap\">\n                  <div class=\"image\"><div style=\"background-image: url(https:\/\/wallskors.com\/gamedev\/wp-content\/uploads\/2020\/01\/138592-sky-purple-python-text-darkness-3840x2160-1-scaled.jpg);\"><\/div><\/div>\n                <div class=\"content\">\n                      <div class=\"heading\">\n              You want to do game programming with Unreal and Unity (C++, C# Programmer)            <\/div>\n                  <\/div>\n      <\/div>\n              <div class=\"links\">\n                  <\/div>\n          <\/div>\n        <div class=\"stream-item event-box istp-item stream-5def3b45dd062\">\n      <div class=\"wrap\">\n                  <div class=\"image\"><div style=\"background-image: url(https:\/\/wallskors.com\/gamedev\/wp-content\/uploads\/2020\/01\/728101.png);\"><\/div><\/div>\n                <div class=\"content\">\n                      <div class=\"heading\">\n              You want to do interface programming (UI Programmer)            <\/div>\n                  <\/div>\n      <\/div>\n              <div class=\"links\">\n                  <\/div>\n          <\/div>\n        <div class=\"stream-item event-box istp-item stream-5def3b900e552\">\n      <div class=\"wrap\">\n                  <div class=\"image\"><div style=\"background-image: url(https:\/\/wallskors.com\/gamedev\/wp-content\/uploads\/2020\/01\/james-simmons-perimeterdroid-jamessimmons3.jpg);\"><\/div><\/div>\n                <div class=\"content\">\n                      <div class=\"heading\">\n              You like programming artificial intelligence in game and data mining (Python Programmer \/ Unreal)            <\/div>\n                  <\/div>\n      <\/div>\n              <div class=\"links\">\n                  <\/div>\n          <\/div>\n        <div class=\"stream-item event-box istp-item stream-5def3ba9dfdc2\">\n      <div class=\"wrap\">\n                  <div class=\"image\"><div style=\"background-image: url(https:\/\/wallskors.com\/gamedev\/wp-content\/uploads\/2020\/01\/em-izam-main-thumbnail.jpg);\"><\/div><\/div>\n                <div class=\"content\">\n                      <div class=\"heading\">\n              You want to design characters and environments (Character Designer \/ Level Designer)            <\/div>\n                  <\/div>\n      <\/div>\n              <div class=\"links\">\n                  <\/div>\n          <\/div>\n            <\/div>\n              <\/div>\n    [\/vc_column][\/vc_row][vc_row][vc_column]      <div class=\"icon-box-block icon-box-block-5e150c3b406b9\">\n        <div class=\"row\">\n                <div class=\" col-12 col-md-4\">\n        <div class=\"icon-box icon-box-style-5e150d0bbb96b\">\n          <div class=\"wrap\">\n            <div class=\"icon fas fa-mug-hot\"><\/div>\n                          <h6 class=\"title\">You have any plans you want to share with us ?<\/h6>\n                          <div class=\"desc\">Don't worry, we're here to learn from others too. Everyone is welcome to share their computer and video game development projects over a coffee !<\/div>\n                      <\/div>\n                  <\/div>\n      <\/div>\n          <div class=\" col-12 col-md-4\">\n        <div class=\"icon-box icon-box-style-5e150c43e96c6\">\n          <div class=\"wrap\">\n            <div class=\"icon fas fa-hand-point-right\"><\/div>\n                          <h6 class=\"title\">You got the profile<\/h6>\n                          <div class=\"desc\">We'd be happy to get to know you and maybe work together in the future. We are open to all motivated candidates looking to be competent in their field.<\/div>\n                      <\/div>\n                  <\/div>\n      <\/div>\n          <div class=\" col-12 col-md-4\">\n        <div class=\"icon-box icon-box-style-5e150d79c07ae\">\n          <div class=\"wrap\">\n            <div class=\"icon fas fa-broadcast-tower\"><\/div>\n                          <h6 class=\"title\">You're looking to build your network in the middle<\/h6>\n                          <div class=\"desc\">Whether it's to exchange contacts or knowledge, we are already accepting many partners to build the Wallskors network, join us if you want to make a partnership.<\/div>\n                      <\/div>\n                  <\/div>\n      <\/div>\n            <\/div>\n      <\/div>\n    [\/vc_column][\/vc_row]<\/p>\n","protected":false},"excerpt":{"rendered":"<p>[vc_row full_width=&#8221;stretch_row_content_no_spaces&#8221; uniqid=&#8221;5df887aa9220a&#8221;][vc_column][\/vc_column][\/vc_row][vc_row content_placement=&#8221;middle&#8221; uniqid=&#8221;5de8f1267e941&#8243; css=&#8221;{&#8220;mobile_portrait&#8220;: {&#8220;margin-top&#8220;: &#8220;130&#8220;,&#8220;margin-bottom&#8220;: &#8220;90&#8220;,&#8220;undefined&#8220;: &#8220;Clear&#8220;},&#8220;mobile_landscape&#8220;: {&#8220;undefined&#8220;: &#8220;Clear&#8220;},&#8220;tablet_portrait&#8220;: {&#8220;undefined&#8220;: &#8220;Clear&#8220;},&#8220;tablet_landscape&#8220;: {&#8220;undefined&#8220;: &#8220;Clear&#8220;},&#8220;desktop&#8220;: {&#8220;undefined&#8220;: &#8220;Clear&#8220;}}&#8221;][vc_column width=&#8221;1\/2&#8243; offset=&#8221;vc_col-lg-5&#8243; uniqid=&#8221;5de8f7db729f1&#8243;][vc_column_text el_class=&#8221;text-t1&#8243; uniqid=&#8221;5de8f00418494&#8243;]The idea of developing a video game development division was born in 2018 at the Universit\u00e9 du Qu\u00e9bec \u00e0 Chicoutimi. Through which we learned making video games and other computer science subjects. However, [&hellip;]<\/p>\n","protected":false},"author":1,"featured_media":0,"parent":0,"menu_order":0,"comment_status":"closed","ping_status":"closed","template":"template-landing.php","meta":[],"_links":{"self":[{"href":"https:\/\/wallskors.com\/gamedev\/wp-json\/wp\/v2\/pages\/2428"}],"collection":[{"href":"https:\/\/wallskors.com\/gamedev\/wp-json\/wp\/v2\/pages"}],"about":[{"href":"https:\/\/wallskors.com\/gamedev\/wp-json\/wp\/v2\/types\/page"}],"author":[{"embeddable":true,"href":"https:\/\/wallskors.com\/gamedev\/wp-json\/wp\/v2\/users\/1"}],"replies":[{"embeddable":true,"href":"https:\/\/wallskors.com\/gamedev\/wp-json\/wp\/v2\/comments?post=2428"}],"version-history":[{"count":53,"href":"https:\/\/wallskors.com\/gamedev\/wp-json\/wp\/v2\/pages\/2428\/revisions"}],"predecessor-version":[{"id":3662,"href":"https:\/\/wallskors.com\/gamedev\/wp-json\/wp\/v2\/pages\/2428\/revisions\/3662"}],"wp:attachment":[{"href":"https:\/\/wallskors.com\/gamedev\/wp-json\/wp\/v2\/media?parent=2428"}],"curies":[{"name":"wp","href":"https:\/\/api.w.org\/{rel}","templated":true}]}}